{"id":2335,"date":"2023-06-11T17:30:52","date_gmt":"2023-06-11T15:30:52","guid":{"rendered":"http:\/\/venusdailleurs.fr\/?page_id=2335"},"modified":"2023-06-11T17:30:52","modified_gmt":"2023-06-11T15:30:52","slug":"le-ciel-est-sur-la-terre","status":"publish","type":"page","link":"http:\/\/venusdailleurs.fr\/?page_id=2335","title":{"rendered":"Le ciel est sur la terre"},"content":{"rendered":"\n<p><strong>Jacques Bourlanges<\/strong><\/p>\n\n\n\n<figure class=\"wp-block-image size-full\"><img decoding=\"async\" loading=\"lazy\" width=\"507\" height=\"658\" src=\"http:\/\/venusdailleurs.fr\/wp-content\/uploads\/2023\/06\/idea-mandra-ciel-1.jpg\" alt=\"\" class=\"wp-image-2336\" srcset=\"http:\/\/venusdailleurs.fr\/wp-content\/uploads\/2023\/06\/idea-mandra-ciel-1.jpg 507w, http:\/\/venusdailleurs.fr\/wp-content\/uploads\/2023\/06\/idea-mandra-ciel-1-231x300.jpg 231w\" sizes=\"(max-width: 507px) 100vw, 507px\" \/><\/figure>\n\n\n\n<p>Dans les temps les plus anciens, une antique science-religion s\u2019est fond\u00e9e sur l\u2019\u00e9tude des astres et sur la connaissance profonde de la savante et myst\u00e9rieuse complexit\u00e9 de leurs cycles \u00e9ternels. La d\u00e9termination exacte par la g\u00e9om\u00e9trie des lignes et des figures des constellations du firmament et leur report sur la terre a pr\u00e9sid\u00e9 \u00e0 la naissance de la G\u00e9od\u00e9sie et de la G\u00e9ographie. L\u2019application, ainsi faite, par les hommes qui la d\u00e9tenaient, de cette science astronomique \u00e0 la mesure de la Terre, leur a permis de parfaire la connaissance de la G\u00e9ographie des territoires o\u00f9 ils vivaient. Ils purent donc en faire l\u2019inventaire syst\u00e9matique et le d\u00e9nombrement de leurs richesses agricoles et min\u00e9rales, ainsi que de leurs possibilit\u00e9s d\u2019exploitation. Les choix des sites d\u2019implantation des demeures et des cit\u00e9s des hommes, r\u00e9gis par l\u2019observation de la marche des astres et celle de la succession des saisons, furent alors r\u00e9alis\u00e9s dans les conditions les plus favorables et dans une harmonieuse ordonnance.<\/p>\n\n\n\n<p>30 pages 14&#215;18 cm.<\/p>\n\n\n\n<p>8 \u20ac<\/p>\n\n\n\n<p><a href=\"https:\/\/venus-dailleurs.sumupstore.com\/article\/le-ciel-est-sur-la-terre\" target=\"_blank\" rel=\"noreferrer noopener\">COMMANDER<\/a><\/p>\n\n\n\n<p>\u200b<\/p>\n","protected":false},"excerpt":{"rendered":"<p>Jacques Bourlanges Dans les temps les plus anciens, une antique science-religion s\u2019est fond\u00e9e sur l\u2019\u00e9tude des astres et sur la connaissance profonde de la savante et myst\u00e9rieuse complexit\u00e9 de leurs cycles \u00e9ternels. La d\u00e9termination exacte par la g\u00e9om\u00e9trie des lignes et des figures des constellations du firmament et leur report sur la terre a pr\u00e9sid\u00e9 &hellip; <a href=\"http:\/\/venusdailleurs.fr\/?page_id=2335\" class=\"more-link\">Continuer la lecture de <span class=\"screen-reader-text\">Le ciel est sur la terre<\/span><\/a><\/p>\n","protected":false},"author":1,"featured_media":0,"parent":0,"menu_order":0,"comment_status":"closed","ping_status":"closed","template":"","meta":[],"_links":{"self":[{"href":"http:\/\/venusdailleurs.fr\/index.php?rest_route=\/wp\/v2\/pages\/2335"}],"collection":[{"href":"http:\/\/venusdailleurs.fr\/index.php?rest_route=\/wp\/v2\/pages"}],"about":[{"href":"http:\/\/venusdailleurs.fr\/index.php?rest_route=\/wp\/v2\/types\/page"}],"author":[{"embeddable":true,"href":"http:\/\/venusdailleurs.fr\/index.php?rest_route=\/wp\/v2\/users\/1"}],"replies":[{"embeddable":true,"href":"http:\/\/venusdailleurs.fr\/index.php?rest_route=%2Fwp%2Fv2%2Fcomments&post=2335"}],"version-history":[{"count":1,"href":"http:\/\/venusdailleurs.fr\/index.php?rest_route=\/wp\/v2\/pages\/2335\/revisions"}],"predecessor-version":[{"id":2337,"href":"http:\/\/venusdailleurs.fr\/index.php?rest_route=\/wp\/v2\/pages\/2335\/revisions\/2337"}],"wp:attachment":[{"href":"http:\/\/venusdailleurs.fr\/index.php?rest_route=%2Fwp%2Fv2%2Fmedia&parent=2335"}],"curies":[{"name":"wp","href":"https:\/\/api.w.org\/{rel}","templated":true}]}}