{"id":2332,"date":"2023-06-11T17:29:38","date_gmt":"2023-06-11T15:29:38","guid":{"rendered":"http:\/\/venusdailleurs.fr\/?page_id=2332"},"modified":"2023-06-11T17:29:38","modified_gmt":"2023-06-11T15:29:38","slug":"de-landrogyne","status":"publish","type":"page","link":"http:\/\/venusdailleurs.fr\/?page_id=2332","title":{"rendered":"De l&rsquo;androgyne"},"content":{"rendered":"\n<p><strong>Jos\u00e9phin P\u00e9ladan<\/strong><\/p>\n\n\n\n<figure class=\"wp-block-image size-full\"><img decoding=\"async\" loading=\"lazy\" width=\"511\" height=\"650\" src=\"http:\/\/venusdailleurs.fr\/wp-content\/uploads\/2023\/06\/idea-occulte-Copie-1.jpg\" alt=\"\" class=\"wp-image-2333\" srcset=\"http:\/\/venusdailleurs.fr\/wp-content\/uploads\/2023\/06\/idea-occulte-Copie-1.jpg 511w, http:\/\/venusdailleurs.fr\/wp-content\/uploads\/2023\/06\/idea-occulte-Copie-1-236x300.jpg 236w\" sizes=\"(max-width: 511px) 100vw, 511px\" \/><\/figure>\n\n\n\n<p>Th\u00e9orie plastique<\/p>\n\n\n\n<p>\u200b<\/p>\n\n\n\n<p>Si on \u00e9crivait une histoire de la beaut\u00e9, il faudrait bien conclure et d\u00e9gager, des vari\u00e9t\u00e9s de temps, de race et de lieu, la conception fonci\u00e8re de l\u2019esprit humain.<br>Il y a de fortes raisons pour que le sentiment universel et permanent exprime la v\u00e9rit\u00e9 : il manifeste du moins le g\u00e9nie de l\u2019esp\u00e8ce.<\/p>\n\n\n\n<p>Cette colossale entreprise de satisfaire aux besoins spirituels qu\u2019accomplissent les pr\u00eatres et les artistes, depuis qu\u2019il y a des soci\u00e9t\u00e9s, repr\u00e9sente le titre supr\u00eame de l\u2019homme \u00e0 l\u2019immortalit\u00e9. Nous sommes d\u2019accord sur la morale qui est n\u00e9cessaire, nous diff\u00e9rons sur la beaut\u00e9 qui semble inutile au plus grand nombre. L\u2019illettr\u00e9 poss\u00e8de souvent une notion exacte de la justice ; l\u2019homme se trouve fatalement appel\u00e9 \u00e0 \u00eatre juge, \u00e0 se comparer aux autres ; et le droit appara\u00eet comme la fleur spontan\u00e9e de la conscience. Le premier venu se r\u00e9v\u00e8le comp\u00e9tent en beaut\u00e9 morale ; d\u2019abord il peut la produire en lui-m\u00eame, sans initiation, ensuite elle lui repr\u00e9sente un b\u00e9n\u00e9fice possible. \u00c0 entendre le r\u00e9cit d\u2019une probit\u00e9, d\u2019un d\u00e9vouement, d\u2019une magnanimit\u00e9, on se rassure sur l\u2019inqui\u00e9tante perversit\u00e9 de l\u2019esp\u00e8ce, on r\u00eave d\u2019un bon domestique ou d\u2019un ami s\u00fbr, ou d\u2019une protection g\u00e9n\u00e9reuse.<\/p>\n\n\n\n<p>48 pages 14&#215;18 cm.<\/p>\n\n\n\n<p>8 \u20ac<\/p>\n\n\n\n<p><a href=\"https:\/\/venus-dailleurs.sumupstore.com\/article\/de-l-androgyne\" target=\"_blank\" rel=\"noreferrer noopener\">COMMANDER<\/a><\/p>\n","protected":false},"excerpt":{"rendered":"<p>Jos\u00e9phin P\u00e9ladan Th\u00e9orie plastique \u200b Si on \u00e9crivait une histoire de la beaut\u00e9, il faudrait bien conclure et d\u00e9gager, des vari\u00e9t\u00e9s de temps, de race et de lieu, la conception fonci\u00e8re de l\u2019esprit humain.Il y a de fortes raisons pour que le sentiment universel et permanent exprime la v\u00e9rit\u00e9 : il manifeste du moins le &hellip; <a href=\"http:\/\/venusdailleurs.fr\/?page_id=2332\" class=\"more-link\">Continuer la lecture de <span class=\"screen-reader-text\">De l&rsquo;androgyne<\/span><\/a><\/p>\n","protected":false},"author":1,"featured_media":0,"parent":0,"menu_order":0,"comment_status":"closed","ping_status":"closed","template":"","meta":[],"_links":{"self":[{"href":"http:\/\/venusdailleurs.fr\/index.php?rest_route=\/wp\/v2\/pages\/2332"}],"collection":[{"href":"http:\/\/venusdailleurs.fr\/index.php?rest_route=\/wp\/v2\/pages"}],"about":[{"href":"http:\/\/venusdailleurs.fr\/index.php?rest_route=\/wp\/v2\/types\/page"}],"author":[{"embeddable":true,"href":"http:\/\/venusdailleurs.fr\/index.php?rest_route=\/wp\/v2\/users\/1"}],"replies":[{"embeddable":true,"href":"http:\/\/venusdailleurs.fr\/index.php?rest_route=%2Fwp%2Fv2%2Fcomments&post=2332"}],"version-history":[{"count":1,"href":"http:\/\/venusdailleurs.fr\/index.php?rest_route=\/wp\/v2\/pages\/2332\/revisions"}],"predecessor-version":[{"id":2334,"href":"http:\/\/venusdailleurs.fr\/index.php?rest_route=\/wp\/v2\/pages\/2332\/revisions\/2334"}],"wp:attachment":[{"href":"http:\/\/venusdailleurs.fr\/index.php?rest_route=%2Fwp%2Fv2%2Fmedia&parent=2332"}],"curies":[{"name":"wp","href":"https:\/\/api.w.org\/{rel}","templated":true}]}}