{"id":2305,"date":"2023-06-11T12:22:20","date_gmt":"2023-06-11T10:22:20","guid":{"rendered":"http:\/\/venusdailleurs.fr\/?page_id=2305"},"modified":"2023-06-11T12:22:20","modified_gmt":"2023-06-11T10:22:20","slug":"traite-des-vertus-et-proprietes-de-plusieurs-sortes-de-fientes","status":"publish","type":"page","link":"http:\/\/venusdailleurs.fr\/?page_id=2305","title":{"rendered":"TRAIT\u00c9 DES VERTUS ET PROPRI\u00c9T\u00c9S DE PLUSIEURS SORTES DE FIENTES"},"content":{"rendered":"\n<p>Albert Le Grand<\/p>\n\n\n\n<figure class=\"wp-block-image size-full\"><img decoding=\"async\" loading=\"lazy\" width=\"519\" height=\"651\" src=\"http:\/\/venusdailleurs.fr\/wp-content\/uploads\/2023\/06\/idea-absurde.jpg\" alt=\"\" class=\"wp-image-2130\" srcset=\"http:\/\/venusdailleurs.fr\/wp-content\/uploads\/2023\/06\/idea-absurde.jpg 519w, http:\/\/venusdailleurs.fr\/wp-content\/uploads\/2023\/06\/idea-absurde-239x300.jpg 239w\" sizes=\"(max-width: 519px) 100vw, 519px\" \/><\/figure>\n\n\n\n<p>Ce trait\u00e9 ne sera pas fort long, et on l\u2019abr\u00e9gera autant qu\u2019il sera possible, sans s\u2019arr\u00eater, comme font les sophistes, \u00e0 mille d\u00e9tours de paroles inutiles qui, bien loin de donner quelques \u00e9claircissements aux lecteurs, embrouillent et obscurcissent un discours. On suivra exactement la m\u00e9thode des auteurs qui ont cherch\u00e9 la v\u00e9rit\u00e9, et on parlera simplement du sujet que l\u2019on doit traiter dans ce petit livre, c\u2019est-\u00e0-dire de la vertu des fientes tant des hommes que des animaux, et comme l\u2019homme est la plus noble de toutes les cr\u00e9atures, ses excr\u00e9ments ont aussi une propri\u00e9t\u00e9 particuli\u00e8re et merveilleuse pour gu\u00e9rir de plusieurs maladies ; c\u2019est aussi par l\u00e0 que l\u2019on commencera, r\u00e9duisant les autres par ordre, selon leurs propri\u00e9t\u00e9s m\u00e9dicinales. On observera cet ordre apr\u00e8s Hippocrate, Galien et plusieurs autres des plus fameux et exp\u00e9riment\u00e9s dans la m\u00e9decine.<\/p>\n\n\n\n<p><\/p>\n\n\n\n<p>34 pages 14&#215;18 cm.<\/p>\n\n\n\n<p>8 \u20ac<\/p>\n\n\n\n<p><a href=\"https:\/\/venus-dailleurs.sumupstore.com\/article\/traite-des-vertus-et-proprietes-de-plusieurs-sortes-de-fientes\" target=\"_blank\" rel=\"noreferrer noopener\">COMMANDER<\/a><\/p>\n\n\n\n<p>\u200b<\/p>\n","protected":false},"excerpt":{"rendered":"<p>Albert Le Grand Ce trait\u00e9 ne sera pas fort long, et on l\u2019abr\u00e9gera autant qu\u2019il sera possible, sans s\u2019arr\u00eater, comme font les sophistes, \u00e0 mille d\u00e9tours de paroles inutiles qui, bien loin de donner quelques \u00e9claircissements aux lecteurs, embrouillent et obscurcissent un discours. On suivra exactement la m\u00e9thode des auteurs qui ont cherch\u00e9 la v\u00e9rit\u00e9, &hellip; <a href=\"http:\/\/venusdailleurs.fr\/?page_id=2305\" class=\"more-link\">Continuer la lecture de <span class=\"screen-reader-text\">TRAIT\u00c9 DES VERTUS ET PROPRI\u00c9T\u00c9S DE PLUSIEURS SORTES DE FIENTES<\/span><\/a><\/p>\n","protected":false},"author":1,"featured_media":0,"parent":0,"menu_order":0,"comment_status":"closed","ping_status":"closed","template":"","meta":[],"_links":{"self":[{"href":"http:\/\/venusdailleurs.fr\/index.php?rest_route=\/wp\/v2\/pages\/2305"}],"collection":[{"href":"http:\/\/venusdailleurs.fr\/index.php?rest_route=\/wp\/v2\/pages"}],"about":[{"href":"http:\/\/venusdailleurs.fr\/index.php?rest_route=\/wp\/v2\/types\/page"}],"author":[{"embeddable":true,"href":"http:\/\/venusdailleurs.fr\/index.php?rest_route=\/wp\/v2\/users\/1"}],"replies":[{"embeddable":true,"href":"http:\/\/venusdailleurs.fr\/index.php?rest_route=%2Fwp%2Fv2%2Fcomments&post=2305"}],"version-history":[{"count":1,"href":"http:\/\/venusdailleurs.fr\/index.php?rest_route=\/wp\/v2\/pages\/2305\/revisions"}],"predecessor-version":[{"id":2306,"href":"http:\/\/venusdailleurs.fr\/index.php?rest_route=\/wp\/v2\/pages\/2305\/revisions\/2306"}],"wp:attachment":[{"href":"http:\/\/venusdailleurs.fr\/index.php?rest_route=%2Fwp%2Fv2%2Fmedia&parent=2305"}],"curies":[{"name":"wp","href":"https:\/\/api.w.org\/{rel}","templated":true}]}}