{"id":2303,"date":"2023-06-11T12:21:11","date_gmt":"2023-06-11T10:21:11","guid":{"rendered":"http:\/\/venusdailleurs.fr\/?page_id=2303"},"modified":"2023-06-11T12:21:11","modified_gmt":"2023-06-11T10:21:11","slug":"proces-contre-les-animaux","status":"publish","type":"page","link":"http:\/\/venusdailleurs.fr\/?page_id=2303","title":{"rendered":"PROC\u00c8S CONTRE LES ANIMAUX"},"content":{"rendered":"\n<p><strong>\u00c9mile Agnel<\/strong><\/p>\n\n\n\n<figure class=\"wp-block-image size-full\"><img decoding=\"async\" loading=\"lazy\" width=\"509\" height=\"648\" src=\"http:\/\/venusdailleurs.fr\/wp-content\/uploads\/2023\/06\/idea-absurde-Copie_1.jpg\" alt=\"\" class=\"wp-image-2131\" srcset=\"http:\/\/venusdailleurs.fr\/wp-content\/uploads\/2023\/06\/idea-absurde-Copie_1.jpg 509w, http:\/\/venusdailleurs.fr\/wp-content\/uploads\/2023\/06\/idea-absurde-Copie_1-236x300.jpg 236w\" sizes=\"(max-width: 509px) 100vw, 509px\" \/><\/figure>\n\n\n\n<p>CURIOSIT\u00c9S JUDICIAIRES ET HISTORIQUES DU MOYEN-\u00c2GE<\/p>\n\n\n\n<p>\u200b<\/p>\n\n\n\n<p>\u00abOn pourrait reconna\u00eetre ais\u00e9ment cette v\u00e9rit\u00e9 \u00e0 peine entrevue par le penseur, que, depuis l\u2019hu\u00eetre jusqu\u2019 \u00e0 l\u2019aigle, depuis le porc jusqu\u2019au tigre, tous les animaux sont dans l\u2019homme et que chacun d\u2019eux est dans un homme.\u00bb<\/p>\n\n\n\n<p class=\"has-text-align-right\"><br>Victor Hugo, <em>Les Mis\u00e9rables<\/em><\/p>\n\n\n\n<p><br>\u00abSachez tout de m\u00eame que ces gens que vous appelez \u00ab\u00e9clair\u00e9s\u00bb, sont in\u00e9galement dupes de ces fantasmagories. [&#8230;] Ces proc\u00e8s co\u00fbtent cher : ils rapportent beaucoup \u00e0 l\u2019instance judiciaire &#8211; civile et religieuse &#8211; qui les instruit. On peut donc penser que les autorit\u00e9s les favorisent comme une sorte de pr\u00e9l\u00e8vement fiscal indirect. {&#8230;] C\u2019est au contraire en frustrant les populations de c\u00e9r\u00e9monies que la puissance publique aurait encouru tr\u00e8s vite les pires d\u00e9sagr\u00e9ments.\u00bb<\/p>\n\n\n\n<p class=\"has-text-align-right\"><br>Louis Pauwels, <em>Proc\u00e8s d\u2019animaux,<br>in Histoires magiques de l\u2019histoire de France<\/em><\/p>\n\n\n\n<p><br>\u00abLes hommes sont des insectes se d\u00e9vorant les uns les autres sur un petit atome de boue.\u00bb<\/p>\n\n\n\n<p class=\"has-text-align-right\"><br>Voltaire,<em> Zadig<\/em><\/p>\n\n\n\n<p><br>\u00abLe jugement n\u2019intervient pas d\u2019un coup ; c\u2019est la proc\u00e9dure qui insensiblement devient jugement.\u00bb<\/p>\n\n\n\n<p class=\"has-text-align-right\"><br>Franz Kafka, <em>Le proc\u00e8s<\/em><\/p>\n\n\n\n<p>70 pages 14&#215;18 cm.<\/p>\n\n\n\n<p>\u200b<\/p>\n\n\n\n<p>9 \u20ac<\/p>\n\n\n\n<p><a href=\"https:\/\/venus-dailleurs.sumupstore.com\/article\/proces-contre-les-animaux\" target=\"_blank\" rel=\"noreferrer noopener\">COMMANDER<\/a><\/p>\n","protected":false},"excerpt":{"rendered":"<p>\u00c9mile Agnel CURIOSIT\u00c9S JUDICIAIRES ET HISTORIQUES DU MOYEN-\u00c2GE \u200b \u00abOn pourrait reconna\u00eetre ais\u00e9ment cette v\u00e9rit\u00e9 \u00e0 peine entrevue par le penseur, que, depuis l\u2019hu\u00eetre jusqu\u2019 \u00e0 l\u2019aigle, depuis le porc jusqu\u2019au tigre, tous les animaux sont dans l\u2019homme et que chacun d\u2019eux est dans un homme.\u00bb Victor Hugo, Les Mis\u00e9rables \u00abSachez tout de m\u00eame que &hellip; <a href=\"http:\/\/venusdailleurs.fr\/?page_id=2303\" class=\"more-link\">Continuer la lecture de <span class=\"screen-reader-text\">PROC\u00c8S CONTRE LES ANIMAUX<\/span><\/a><\/p>\n","protected":false},"author":1,"featured_media":0,"parent":0,"menu_order":0,"comment_status":"closed","ping_status":"closed","template":"","meta":[],"_links":{"self":[{"href":"http:\/\/venusdailleurs.fr\/index.php?rest_route=\/wp\/v2\/pages\/2303"}],"collection":[{"href":"http:\/\/venusdailleurs.fr\/index.php?rest_route=\/wp\/v2\/pages"}],"about":[{"href":"http:\/\/venusdailleurs.fr\/index.php?rest_route=\/wp\/v2\/types\/page"}],"author":[{"embeddable":true,"href":"http:\/\/venusdailleurs.fr\/index.php?rest_route=\/wp\/v2\/users\/1"}],"replies":[{"embeddable":true,"href":"http:\/\/venusdailleurs.fr\/index.php?rest_route=%2Fwp%2Fv2%2Fcomments&post=2303"}],"version-history":[{"count":1,"href":"http:\/\/venusdailleurs.fr\/index.php?rest_route=\/wp\/v2\/pages\/2303\/revisions"}],"predecessor-version":[{"id":2304,"href":"http:\/\/venusdailleurs.fr\/index.php?rest_route=\/wp\/v2\/pages\/2303\/revisions\/2304"}],"wp:attachment":[{"href":"http:\/\/venusdailleurs.fr\/index.php?rest_route=%2Fwp%2Fv2%2Fmedia&parent=2303"}],"curies":[{"name":"wp","href":"https:\/\/api.w.org\/{rel}","templated":true}]}}