{"id":2296,"date":"2023-06-11T12:12:00","date_gmt":"2023-06-11T10:12:00","guid":{"rendered":"http:\/\/venusdailleurs.fr\/?page_id=2296"},"modified":"2023-06-11T12:12:00","modified_gmt":"2023-06-11T10:12:00","slug":"bella-maniera","status":"publish","type":"page","link":"http:\/\/venusdailleurs.fr\/?page_id=2296","title":{"rendered":"Bella Maniera"},"content":{"rendered":"\n<p>Jo\u00eblle Busca<\/p>\n\n\n\n<figure class=\"wp-block-image size-full\"><img decoding=\"async\" loading=\"lazy\" width=\"503\" height=\"673\" src=\"http:\/\/venusdailleurs.fr\/wp-content\/uploads\/2023\/06\/idea-belle-maniere-jeunesse-eternelle-Copie.jpg\" alt=\"\" class=\"wp-image-2107\" srcset=\"http:\/\/venusdailleurs.fr\/wp-content\/uploads\/2023\/06\/idea-belle-maniere-jeunesse-eternelle-Copie.jpg 503w, http:\/\/venusdailleurs.fr\/wp-content\/uploads\/2023\/06\/idea-belle-maniere-jeunesse-eternelle-Copie-224x300.jpg 224w\" sizes=\"(max-width: 503px) 100vw, 503px\" \/><\/figure>\n\n\n\n<p>Textes critiques illustr\u00e9s de 5 artistes mani\u00e9ristes contemporains:<\/p>\n\n\n\n<p>\u200b<\/p>\n\n\n\n<p>C\u00e9dric de Batz, Nuages de gaz<\/p>\n\n\n\n<p>Philippe Favier, Outrepasseur et prolif\u00e9rateur, \u00ab \u00e0 sauts et \u00e0 gambades \u00bb<\/p>\n\n\n\n<p>Yoan Armand Gil, L\u2019imaginaire fixe les r\u00eaves<\/p>\n\n\n\n<p>Patrice M\u00e9riot, Homo ludens, homo faber, Rocambole et pot de colle<\/p>\n\n\n\n<p>Yves Reynier, Le presque rien du tout ce n\u2019est pas rien<\/p>\n\n\n\n<p><\/p>\n\n\n\n<p>38 pages 14&#215;18 cm.<\/p>\n\n\n\n<p>8 \u20ac<\/p>\n\n\n\n<p><a href=\"https:\/\/venus-dailleurs.sumupstore.com\/article\/bella-maniera\" target=\"_blank\" rel=\"noreferrer noopener\">COMMANDER<\/a><\/p>\n","protected":false},"excerpt":{"rendered":"<p>Jo\u00eblle Busca Textes critiques illustr\u00e9s de 5 artistes mani\u00e9ristes contemporains: \u200b C\u00e9dric de Batz, Nuages de gaz Philippe Favier, Outrepasseur et prolif\u00e9rateur, \u00ab \u00e0 sauts et \u00e0 gambades \u00bb Yoan Armand Gil, L\u2019imaginaire fixe les r\u00eaves Patrice M\u00e9riot, Homo ludens, homo faber, Rocambole et pot de colle Yves Reynier, Le presque rien du tout ce &hellip; <a href=\"http:\/\/venusdailleurs.fr\/?page_id=2296\" class=\"more-link\">Continuer la lecture de <span class=\"screen-reader-text\">Bella Maniera<\/span><\/a><\/p>\n","protected":false},"author":1,"featured_media":0,"parent":0,"menu_order":0,"comment_status":"closed","ping_status":"closed","template":"","meta":[],"_links":{"self":[{"href":"http:\/\/venusdailleurs.fr\/index.php?rest_route=\/wp\/v2\/pages\/2296"}],"collection":[{"href":"http:\/\/venusdailleurs.fr\/index.php?rest_route=\/wp\/v2\/pages"}],"about":[{"href":"http:\/\/venusdailleurs.fr\/index.php?rest_route=\/wp\/v2\/types\/page"}],"author":[{"embeddable":true,"href":"http:\/\/venusdailleurs.fr\/index.php?rest_route=\/wp\/v2\/users\/1"}],"replies":[{"embeddable":true,"href":"http:\/\/venusdailleurs.fr\/index.php?rest_route=%2Fwp%2Fv2%2Fcomments&post=2296"}],"version-history":[{"count":1,"href":"http:\/\/venusdailleurs.fr\/index.php?rest_route=\/wp\/v2\/pages\/2296\/revisions"}],"predecessor-version":[{"id":2297,"href":"http:\/\/venusdailleurs.fr\/index.php?rest_route=\/wp\/v2\/pages\/2296\/revisions\/2297"}],"wp:attachment":[{"href":"http:\/\/venusdailleurs.fr\/index.php?rest_route=%2Fwp%2Fv2%2Fmedia&parent=2296"}],"curies":[{"name":"wp","href":"https:\/\/api.w.org\/{rel}","templated":true}]}}