{"id":2288,"date":"2023-06-11T12:06:55","date_gmt":"2023-06-11T10:06:55","guid":{"rendered":"http:\/\/venusdailleurs.fr\/?page_id=2288"},"modified":"2023-06-11T12:06:55","modified_gmt":"2023-06-11T10:06:55","slug":"notes-pour-un-traite-de-cocotologie","status":"publish","type":"page","link":"http:\/\/venusdailleurs.fr\/?page_id=2288","title":{"rendered":"Notes pour un trait\u00e9 de cocotologie"},"content":{"rendered":"\n<p><strong>Miguel De Unamuno<\/strong><\/p>\n\n\n\n<figure class=\"wp-block-image size-full is-resized\"><img decoding=\"async\" loading=\"lazy\" src=\"http:\/\/venusdailleurs.fr\/wp-content\/uploads\/2023\/06\/idea-cocotte-passion-Copie.jpg\" alt=\"\" class=\"wp-image-2106\" width=\"505\" height=\"661\" srcset=\"http:\/\/venusdailleurs.fr\/wp-content\/uploads\/2023\/06\/idea-cocotte-passion-Copie.jpg 505w, http:\/\/venusdailleurs.fr\/wp-content\/uploads\/2023\/06\/idea-cocotte-passion-Copie-229x300.jpg 229w\" sizes=\"(max-width: 505px) 100vw, 505px\" \/><\/figure>\n\n\n\n<p>Pr\u00e9face et traduction de Ren\u00e9 Pons<\/p>\n\n\n\n<p>Collages d&rsquo;Yves Reynier<\/p>\n\n\n\n<p>\u200b<\/p>\n\n\n\n<p>Les \u0153uvres, c\u2019est une \u00e9vidence, sont comme des passerelles invisibles lanc\u00e9es \u00e0 travers le temps. Elles cr\u00e9ent, hasard aidant, des liens inattendus entre des artistes aux pratiques en apparence \u00e9loign\u00e9es. Qu\u2019en cet an de disgr\u00e2ce 2015, le docte et h\u00e9ro\u00efque recteur de l\u2019universit\u00e9 de Salamanque, et par ailleurs grand virtuose de la langue espagnole, mort en 1936, inspire au peintre Yves Reynier, n\u00e9 en 1946, par le biais d\u2019un inattendu&nbsp; Trait\u00e9 de cocotologie&nbsp; attribu\u00e9 \u00e0 un certain don Fulgencio, les collages de ce livre, peut para\u00eetre inattendu aux esprits superficiels\u202f; mais si l\u2019on sait qu\u2019Unamuno, comme il le raconte dans ses souvenirs d\u2019enfance, \u00e9tait un grand adepte, avec son cousin, des cocottes en papier et que Yves Reynier, les ciseaux en arr\u00eat, comme sa lance don Quichotte, traque et pourfend les images les plus disparates (et pourtant entre lesquelles existent des liens subtils), on comprendra qu\u2019un hasard objectif, pour parler comme Breton, les aient fait se rencontrer dans le fatras d\u2019une librairie o\u00f9 le regard du peintre accrocha le titre d\u2019un trait\u00e9 qui sentait la blague insolite&#8230;<\/p>\n\n\n\n<p class=\"has-text-align-right\">Ren\u00e9 Pons<\/p>\n\n\n\n<p>\u200b<\/p>\n\n\n\n<p>36 pages 14&#215;18 cm.<\/p>\n\n\n\n<p>8 \u20ac<\/p>\n\n\n\n<p><a href=\"https:\/\/venus-dailleurs.sumupstore.com\/article\/notes-pour-un-traite-de-cocotologie\" target=\"_blank\" rel=\"noreferrer noopener\">COMMANDER<\/a><\/p>\n\n\n\n<p>\u200b<\/p>\n","protected":false},"excerpt":{"rendered":"<p>Miguel De Unamuno Pr\u00e9face et traduction de Ren\u00e9 Pons Collages d&rsquo;Yves Reynier \u200b Les \u0153uvres, c\u2019est une \u00e9vidence, sont comme des passerelles invisibles lanc\u00e9es \u00e0 travers le temps. Elles cr\u00e9ent, hasard aidant, des liens inattendus entre des artistes aux pratiques en apparence \u00e9loign\u00e9es. Qu\u2019en cet an de disgr\u00e2ce 2015, le docte et h\u00e9ro\u00efque recteur de &hellip; <a href=\"http:\/\/venusdailleurs.fr\/?page_id=2288\" class=\"more-link\">Continuer la lecture de <span class=\"screen-reader-text\">Notes pour un trait\u00e9 de cocotologie<\/span><\/a><\/p>\n","protected":false},"author":1,"featured_media":0,"parent":0,"menu_order":0,"comment_status":"closed","ping_status":"closed","template":"","meta":[],"_links":{"self":[{"href":"http:\/\/venusdailleurs.fr\/index.php?rest_route=\/wp\/v2\/pages\/2288"}],"collection":[{"href":"http:\/\/venusdailleurs.fr\/index.php?rest_route=\/wp\/v2\/pages"}],"about":[{"href":"http:\/\/venusdailleurs.fr\/index.php?rest_route=\/wp\/v2\/types\/page"}],"author":[{"embeddable":true,"href":"http:\/\/venusdailleurs.fr\/index.php?rest_route=\/wp\/v2\/users\/1"}],"replies":[{"embeddable":true,"href":"http:\/\/venusdailleurs.fr\/index.php?rest_route=%2Fwp%2Fv2%2Fcomments&post=2288"}],"version-history":[{"count":1,"href":"http:\/\/venusdailleurs.fr\/index.php?rest_route=\/wp\/v2\/pages\/2288\/revisions"}],"predecessor-version":[{"id":2289,"href":"http:\/\/venusdailleurs.fr\/index.php?rest_route=\/wp\/v2\/pages\/2288\/revisions\/2289"}],"wp:attachment":[{"href":"http:\/\/venusdailleurs.fr\/index.php?rest_route=%2Fwp%2Fv2%2Fmedia&parent=2288"}],"curies":[{"name":"wp","href":"https:\/\/api.w.org\/{rel}","templated":true}]}}