{"id":2276,"date":"2023-06-11T11:57:03","date_gmt":"2023-06-11T09:57:03","guid":{"rendered":"http:\/\/venusdailleurs.fr\/?page_id=2276"},"modified":"2023-06-11T11:57:03","modified_gmt":"2023-06-11T09:57:03","slug":"introduction-a-une-histoire-du-poeme-phonetique-1910-1939","status":"publish","type":"page","link":"http:\/\/venusdailleurs.fr\/?page_id=2276","title":{"rendered":"INTRODUCTION \u00e0 UNE HISTOIRE DU PO\u00c8ME PHON\u00c9TIQUE (1910-1939)"},"content":{"rendered":"\n<h2 class=\"wp-block-heading\"><strong>POESIE CONSEQUENTE<\/strong><\/h2>\n\n\n\n<p><strong>Raoul Hausmann \/ Kurt Schwitters<\/strong><\/p>\n\n\n\n<figure class=\"wp-block-image size-full\"><img decoding=\"async\" loading=\"lazy\" width=\"531\" height=\"697\" src=\"http:\/\/venusdailleurs.fr\/wp-content\/uploads\/2023\/06\/idea-sonore-Ensor-Copie_1.jpg\" alt=\"\" class=\"wp-image-2100\" srcset=\"http:\/\/venusdailleurs.fr\/wp-content\/uploads\/2023\/06\/idea-sonore-Ensor-Copie_1.jpg 531w, http:\/\/venusdailleurs.fr\/wp-content\/uploads\/2023\/06\/idea-sonore-Ensor-Copie_1-229x300.jpg 229w\" sizes=\"(max-width: 531px) 100vw, 531px\" \/><\/figure>\n\n\n\n<p>Si l\u2019on veut arriver \u00e0 une histoire v\u00e9ritable du po\u00e8me phon\u00e9tique, on doit distinguer trois conceptions diff\u00e9rentes.<br>La premi\u00e8re concerne une trouvaille due au hasard, qui n\u2019aboutit pas \u00e0 un exercice continuel.<br>La deuxi\u00e8me apporte la cr\u00e9ation d\u2019un genre nouveau de po\u00e9sie, bas\u00e9e sur une conviction ou sur une th\u00e9orie.<br>La troisi\u00e8me am\u00e8ne la divulgation des cr\u00e9ations pr\u00e9c\u00e9dentes. SCHEERBART, le premier, \u00e9crivit en 1897 un seul et unique po\u00e8me phon\u00e9tique par caprice, sans relation avec ses autres textes, tout comme MORGENSTERN en 1905, qui, dans une certaine mesure poss\u00e9dait un esprit aussi espi\u00e8gle et cosmique que SCHEERBART.<\/p>\n\n\n\n<p>Une r\u00e9volution dans la po\u00e9sie s\u2019est op\u00e9r\u00e9e ind\u00e9pendamment des recherches et inventions phon\u00e9tiques de certains po\u00e8tes russes, comme KHLEBNIKOV, KHROUTCHENYKH et ILIAZD dont les origines remontant \u00e0 1910 n\u2019ont pas p\u00e9n\u00e9tr\u00e9 en Europe de l\u2019Ouest.<\/p>\n\n\n\n<p>20 pages 14&#215;18 cm.<\/p>\n\n\n\n<p>8 \u20ac<\/p>\n\n\n\n<p><a href=\"https:\/\/venus-dailleurs.sumupstore.com\/article\/poeme-phonetique-poesie-consequente\" target=\"_blank\" rel=\"noreferrer noopener\">COMMANDER<\/a><\/p>\n","protected":false},"excerpt":{"rendered":"<p>POESIE CONSEQUENTE Raoul Hausmann \/ Kurt Schwitters Si l\u2019on veut arriver \u00e0 une histoire v\u00e9ritable du po\u00e8me phon\u00e9tique, on doit distinguer trois conceptions diff\u00e9rentes.La premi\u00e8re concerne une trouvaille due au hasard, qui n\u2019aboutit pas \u00e0 un exercice continuel.La deuxi\u00e8me apporte la cr\u00e9ation d\u2019un genre nouveau de po\u00e9sie, bas\u00e9e sur une conviction ou sur une th\u00e9orie.La &hellip; <a href=\"http:\/\/venusdailleurs.fr\/?page_id=2276\" class=\"more-link\">Continuer la lecture de <span class=\"screen-reader-text\">INTRODUCTION \u00e0 UNE HISTOIRE DU PO\u00c8ME PHON\u00c9TIQUE (1910-1939)<\/span><\/a><\/p>\n","protected":false},"author":1,"featured_media":0,"parent":0,"menu_order":0,"comment_status":"closed","ping_status":"closed","template":"","meta":[],"_links":{"self":[{"href":"http:\/\/venusdailleurs.fr\/index.php?rest_route=\/wp\/v2\/pages\/2276"}],"collection":[{"href":"http:\/\/venusdailleurs.fr\/index.php?rest_route=\/wp\/v2\/pages"}],"about":[{"href":"http:\/\/venusdailleurs.fr\/index.php?rest_route=\/wp\/v2\/types\/page"}],"author":[{"embeddable":true,"href":"http:\/\/venusdailleurs.fr\/index.php?rest_route=\/wp\/v2\/users\/1"}],"replies":[{"embeddable":true,"href":"http:\/\/venusdailleurs.fr\/index.php?rest_route=%2Fwp%2Fv2%2Fcomments&post=2276"}],"version-history":[{"count":1,"href":"http:\/\/venusdailleurs.fr\/index.php?rest_route=\/wp\/v2\/pages\/2276\/revisions"}],"predecessor-version":[{"id":2277,"href":"http:\/\/venusdailleurs.fr\/index.php?rest_route=\/wp\/v2\/pages\/2276\/revisions\/2277"}],"wp:attachment":[{"href":"http:\/\/venusdailleurs.fr\/index.php?rest_route=%2Fwp%2Fv2%2Fmedia&parent=2276"}],"curies":[{"name":"wp","href":"https:\/\/api.w.org\/{rel}","templated":true}]}}