{"id":2272,"date":"2023-06-11T11:54:28","date_gmt":"2023-06-11T09:54:28","guid":{"rendered":"http:\/\/venusdailleurs.fr\/?page_id=2272"},"modified":"2023-06-11T11:54:28","modified_gmt":"2023-06-11T09:54:28","slug":"nerval-le-nyctalope","status":"publish","type":"page","link":"http:\/\/venusdailleurs.fr\/?page_id=2272","title":{"rendered":"NERVAL LE NYCTALOPE"},"content":{"rendered":"\n<p><strong>Ren\u00e9 Daumal<\/strong><\/p>\n\n\n\n<figure class=\"wp-block-image size-full\"><img decoding=\"async\" loading=\"lazy\" width=\"505\" height=\"670\" src=\"http:\/\/venusdailleurs.fr\/wp-content\/uploads\/2023\/06\/idea-grand-jeu-Copie-Copie-4_1.jpg\" alt=\"\" class=\"wp-image-2096\" srcset=\"http:\/\/venusdailleurs.fr\/wp-content\/uploads\/2023\/06\/idea-grand-jeu-Copie-Copie-4_1.jpg 505w, http:\/\/venusdailleurs.fr\/wp-content\/uploads\/2023\/06\/idea-grand-jeu-Copie-Copie-4_1-226x300.jpg 226w\" sizes=\"(max-width: 505px) 100vw, 505px\" \/><\/figure>\n\n\n\n<p>PR\u00c9AMBULE<br><br>\u00a0 Le premier, et avec un h\u00e9ro\u00efsme dont, seule, peut t\u00e9moigner une lueur perdue au fond astronomique de moi-m\u00eame, Daumal ici, ose, et jamais au monde \u00ab oser \u00bb n\u2019a signi\ufb01\u00e9 une telle effrayante attaque d\u00e9sesp\u00e9r\u00e9e de l\u2019esprit refoulant des murailles vivantes de gardiens-du-seuil, des montagnes de tabous, des continents de refus mena\u00e7ants qui risquaient de nous engloutir &#8211; ose, dis-je, lever un coin du voile d\u2019\u00e9pouvante sur cette r\u00e9gion maudite de notre vie commune, cette r\u00e9gion dont la marque sur nous, ind\u00e9l\u00e9bile en l\u2019\u00e9ternel, a d\u00e9cid\u00e9 de beaucoup plus que de l\u2019orientation unique et totale de notre action pr\u00e9sente jusqu\u2019\u00e0 la mort.<br>Devant l\u2019obligatoire incompr\u00e9hension de tous je ne me cache pas de la Terreur sacr\u00e9e qui me prend au rappel de la zone flamboyante, et me bouleverse encore suffisamment aujourd\u2019hui, apr\u00e8s toutes les nuits des ann\u00e9es \u00e9coul\u00e9es, pour labourer ma poitrine d\u2019un immense sanglot qui n\u2019est pas d\u00e9faillance. Ah, non, salauds, \u00e0 mort! car d\u00e9sesp\u00e9r\u00e9ment je le crache \u00e0 la face d\u2019un monde qui m\u2019a pris \u00e0 la gorge et qui de moi saura, j\u2019en luis ici serment, le prix d\u2019un unique ASSASSINAT.<br><br>R. GILBERT-LECOMTE.<br>\u00a0<\/p>\n\n\n\n<p>32 pages 14&#215;18 cm.<\/p>\n\n\n\n<p>8 \u20ac<\/p>\n\n\n\n<p><a href=\"https:\/\/venus-dailleurs.sumupstore.com\/article\/nerval-le-nyctalope\" target=\"_blank\" rel=\"noreferrer noopener\">COMMANDER<\/a><\/p>\n\n\n\n<p>\u200b<\/p>\n\n\n\n<p>\u200b<\/p>\n","protected":false},"excerpt":{"rendered":"<p>Ren\u00e9 Daumal PR\u00c9AMBULE \u00a0 Le premier, et avec un h\u00e9ro\u00efsme dont, seule, peut t\u00e9moigner une lueur perdue au fond astronomique de moi-m\u00eame, Daumal ici, ose, et jamais au monde \u00ab oser \u00bb n\u2019a signi\ufb01\u00e9 une telle effrayante attaque d\u00e9sesp\u00e9r\u00e9e de l\u2019esprit refoulant des murailles vivantes de gardiens-du-seuil, des montagnes de tabous, des continents de refus &hellip; <a href=\"http:\/\/venusdailleurs.fr\/?page_id=2272\" class=\"more-link\">Continuer la lecture de <span class=\"screen-reader-text\">NERVAL LE NYCTALOPE<\/span><\/a><\/p>\n","protected":false},"author":1,"featured_media":0,"parent":0,"menu_order":0,"comment_status":"closed","ping_status":"closed","template":"","meta":[],"_links":{"self":[{"href":"http:\/\/venusdailleurs.fr\/index.php?rest_route=\/wp\/v2\/pages\/2272"}],"collection":[{"href":"http:\/\/venusdailleurs.fr\/index.php?rest_route=\/wp\/v2\/pages"}],"about":[{"href":"http:\/\/venusdailleurs.fr\/index.php?rest_route=\/wp\/v2\/types\/page"}],"author":[{"embeddable":true,"href":"http:\/\/venusdailleurs.fr\/index.php?rest_route=\/wp\/v2\/users\/1"}],"replies":[{"embeddable":true,"href":"http:\/\/venusdailleurs.fr\/index.php?rest_route=%2Fwp%2Fv2%2Fcomments&post=2272"}],"version-history":[{"count":1,"href":"http:\/\/venusdailleurs.fr\/index.php?rest_route=\/wp\/v2\/pages\/2272\/revisions"}],"predecessor-version":[{"id":2273,"href":"http:\/\/venusdailleurs.fr\/index.php?rest_route=\/wp\/v2\/pages\/2272\/revisions\/2273"}],"wp:attachment":[{"href":"http:\/\/venusdailleurs.fr\/index.php?rest_route=%2Fwp%2Fv2%2Fmedia&parent=2272"}],"curies":[{"name":"wp","href":"https:\/\/api.w.org\/{rel}","templated":true}]}}