{"id":2270,"date":"2023-06-11T11:53:04","date_gmt":"2023-06-11T09:53:04","guid":{"rendered":"http:\/\/venusdailleurs.fr\/?page_id=2270"},"modified":"2023-06-11T11:53:04","modified_gmt":"2023-06-11T09:53:04","slug":"le-secret-de-la-jeunesse-eternelle-du-coeur-humain","status":"publish","type":"page","link":"http:\/\/venusdailleurs.fr\/?page_id=2270","title":{"rendered":"Le secret de la jeunesse \u00e9ternelle du c\u0153ur humain"},"content":{"rendered":"\n<p><strong>Sarane Alexandrian<\/strong><\/p>\n\n\n\n<figure class=\"wp-block-image size-full\"><img decoding=\"async\" loading=\"lazy\" width=\"510\" height=\"665\" src=\"http:\/\/venusdailleurs.fr\/wp-content\/uploads\/2023\/06\/idea-belle-maniere-jeunesse-eternelle.jpg\" alt=\"\" class=\"wp-image-2101\" srcset=\"http:\/\/venusdailleurs.fr\/wp-content\/uploads\/2023\/06\/idea-belle-maniere-jeunesse-eternelle.jpg 510w, http:\/\/venusdailleurs.fr\/wp-content\/uploads\/2023\/06\/idea-belle-maniere-jeunesse-eternelle-230x300.jpg 230w\" sizes=\"(max-width: 510px) 100vw, 510px\" \/><\/figure>\n\n\n\n<p>       Andr\u00e9 Breton, D\u00e9couvreur &amp; red\u00e9couvreur d\u2019\u00e9crivains<\/p>\n\n\n\n<p>\u200b<\/p>\n\n\n\n<p>Ce qui vient au monde pour ne rien troubler ne m\u00e9rite ni \u00e9gards ni patience.<\/p>\n\n\n\n<p class=\"has-text-align-right\"><br>Ren\u00e9 Char, <em>Le po\u00e8me pulv\u00e9ris\u00e9<\/em><\/p>\n\n\n\n<p><br>Notre fin de si\u00e8cle est l\u2019\u00e9poque des faux-monnayeurs de l\u2019intelligence. De tous c\u00f4t\u00e9s on met en circulation des fausses id\u00e9es nouvelles, des fausses valeurs morales, des fausses notions de la litt\u00e9rature, de l\u2019art, de l\u2019amour et de l\u2019univers, si bien que sont d\u00e9daign\u00e9es<br>ou passent m\u00eame inaper\u00e7ues les cr\u00e9ations et les exp\u00e9riences qui se veulent authentiques. La connaissance du monde et de la vie peut \u00eatre consid\u00e9r\u00e9e comme un tr\u00e9sor collectif \u00e0 constituer, fait d\u2019opinions finement raisonn\u00e9es, d\u2019intuitions justes, de certitudes et fonder des admirations. On falsifie cette monnaie d\u2019\u00e9change entre les individus, qui fluide et transformisme, quand on la fige en des th\u00e9ories officielles, et quand on d\u00e9value des \u00eatres et des choses parce qu\u2019ils ne sont pas conformes \u00e0 cette l\u00e9gitimit\u00e9 factice.<br>&nbsp;<\/p>\n\n\n\n<p class=\"has-text-align-right\">Sarane Alexandrian, <em>Contre un fin de si\u00e8cle r\u00e9actionnaire<\/em><br>in Sup\u00e9rieur inconnu N\u00b010 -1998<\/p>\n\n\n\n<p>36 pages 14&#215;18 cm.<\/p>\n\n\n\n<p>8 \u20ac<\/p>\n\n\n\n<p><a href=\"https:\/\/venus-dailleurs.sumupstore.com\/article\/le-secret-de-la-jeunesse-eternelle-du-coeur-humain\" target=\"_blank\" rel=\"noreferrer noopener\">COMMANDER<\/a><\/p>\n","protected":false},"excerpt":{"rendered":"<p>Sarane Alexandrian Andr\u00e9 Breton, D\u00e9couvreur &amp; red\u00e9couvreur d\u2019\u00e9crivains \u200b Ce qui vient au monde pour ne rien troubler ne m\u00e9rite ni \u00e9gards ni patience. Ren\u00e9 Char, Le po\u00e8me pulv\u00e9ris\u00e9 Notre fin de si\u00e8cle est l\u2019\u00e9poque des faux-monnayeurs de l\u2019intelligence. De tous c\u00f4t\u00e9s on met en circulation des fausses id\u00e9es nouvelles, des fausses valeurs morales, des &hellip; <a href=\"http:\/\/venusdailleurs.fr\/?page_id=2270\" class=\"more-link\">Continuer la lecture de <span class=\"screen-reader-text\">Le secret de la jeunesse \u00e9ternelle du c\u0153ur humain<\/span><\/a><\/p>\n","protected":false},"author":1,"featured_media":0,"parent":0,"menu_order":0,"comment_status":"closed","ping_status":"closed","template":"","meta":[],"_links":{"self":[{"href":"http:\/\/venusdailleurs.fr\/index.php?rest_route=\/wp\/v2\/pages\/2270"}],"collection":[{"href":"http:\/\/venusdailleurs.fr\/index.php?rest_route=\/wp\/v2\/pages"}],"about":[{"href":"http:\/\/venusdailleurs.fr\/index.php?rest_route=\/wp\/v2\/types\/page"}],"author":[{"embeddable":true,"href":"http:\/\/venusdailleurs.fr\/index.php?rest_route=\/wp\/v2\/users\/1"}],"replies":[{"embeddable":true,"href":"http:\/\/venusdailleurs.fr\/index.php?rest_route=%2Fwp%2Fv2%2Fcomments&post=2270"}],"version-history":[{"count":1,"href":"http:\/\/venusdailleurs.fr\/index.php?rest_route=\/wp\/v2\/pages\/2270\/revisions"}],"predecessor-version":[{"id":2271,"href":"http:\/\/venusdailleurs.fr\/index.php?rest_route=\/wp\/v2\/pages\/2270\/revisions\/2271"}],"wp:attachment":[{"href":"http:\/\/venusdailleurs.fr\/index.php?rest_route=%2Fwp%2Fv2%2Fmedia&parent=2270"}],"curies":[{"name":"wp","href":"https:\/\/api.w.org\/{rel}","templated":true}]}}