{"id":2268,"date":"2023-06-11T11:51:04","date_gmt":"2023-06-11T09:51:04","guid":{"rendered":"http:\/\/venusdailleurs.fr\/?page_id=2268"},"modified":"2023-06-11T11:51:04","modified_gmt":"2023-06-11T09:51:04","slug":"manifeste-credo","status":"publish","type":"page","link":"http:\/\/venusdailleurs.fr\/?page_id=2268","title":{"rendered":"Manifeste Cr\u00e9do"},"content":{"rendered":"\n<p><strong>Malcolm de Chazal<\/strong><\/p>\n\n\n\n<figure class=\"wp-block-image size-full\"><img decoding=\"async\" loading=\"lazy\" width=\"504\" height=\"678\" src=\"http:\/\/venusdailleurs.fr\/wp-content\/uploads\/2023\/06\/chazal.jpg\" alt=\"\" class=\"wp-image-2099\" srcset=\"http:\/\/venusdailleurs.fr\/wp-content\/uploads\/2023\/06\/chazal.jpg 504w, http:\/\/venusdailleurs.fr\/wp-content\/uploads\/2023\/06\/chazal-223x300.jpg 223w\" sizes=\"(max-width: 504px) 100vw, 504px\" \/><\/figure>\n\n\n\n<p>\u200b<\/p>\n\n\n\n<p>En 1948, Malcom de Chazal adresse \u00e0 Jean Paulhan son Manifeste &#8211; Credo destin\u00e9 \u00e0 \u00eatre diffus\u00e9 au plus grand nombre : Chazal en grand apostropheur, nous explique sa conception de la cr\u00e9ation..<\/p>\n\n\n\n<p>36 pages 14&#215;18 cm.<\/p>\n\n\n\n<p>8 \u20ac<\/p>\n\n\n\n<p><a href=\"https:\/\/venus-dailleurs.sumupstore.com\/article\/manifeste-credo\" target=\"_blank\" rel=\"noreferrer noopener\">COMMANDER<\/a><\/p>\n","protected":false},"excerpt":{"rendered":"<p>Malcolm de Chazal \u200b En 1948, Malcom de Chazal adresse \u00e0 Jean Paulhan son Manifeste &#8211; Credo destin\u00e9 \u00e0 \u00eatre diffus\u00e9 au plus grand nombre : Chazal en grand apostropheur, nous explique sa conception de la cr\u00e9ation.. 36 pages 14&#215;18 cm. 8 \u20ac COMMANDER<\/p>\n","protected":false},"author":1,"featured_media":0,"parent":0,"menu_order":0,"comment_status":"closed","ping_status":"closed","template":"","meta":[],"_links":{"self":[{"href":"http:\/\/venusdailleurs.fr\/index.php?rest_route=\/wp\/v2\/pages\/2268"}],"collection":[{"href":"http:\/\/venusdailleurs.fr\/index.php?rest_route=\/wp\/v2\/pages"}],"about":[{"href":"http:\/\/venusdailleurs.fr\/index.php?rest_route=\/wp\/v2\/types\/page"}],"author":[{"embeddable":true,"href":"http:\/\/venusdailleurs.fr\/index.php?rest_route=\/wp\/v2\/users\/1"}],"replies":[{"embeddable":true,"href":"http:\/\/venusdailleurs.fr\/index.php?rest_route=%2Fwp%2Fv2%2Fcomments&post=2268"}],"version-history":[{"count":1,"href":"http:\/\/venusdailleurs.fr\/index.php?rest_route=\/wp\/v2\/pages\/2268\/revisions"}],"predecessor-version":[{"id":2269,"href":"http:\/\/venusdailleurs.fr\/index.php?rest_route=\/wp\/v2\/pages\/2268\/revisions\/2269"}],"wp:attachment":[{"href":"http:\/\/venusdailleurs.fr\/index.php?rest_route=%2Fwp%2Fv2%2Fmedia&parent=2268"}],"curies":[{"name":"wp","href":"https:\/\/api.w.org\/{rel}","templated":true}]}}