{"id":2264,"date":"2023-06-11T11:47:46","date_gmt":"2023-06-11T09:47:46","guid":{"rendered":"http:\/\/venusdailleurs.fr\/?page_id=2264"},"modified":"2023-06-11T11:47:46","modified_gmt":"2023-06-11T09:47:46","slug":"la-dictee-du-subconscient-chez-coleridge-lextase-la-vie-interieure-chez-wordsworth","status":"publish","type":"page","link":"http:\/\/venusdailleurs.fr\/?page_id=2264","title":{"rendered":"La Dict\u00e9e du subconscient chez Coleridge &#8211; L\u2019extase &#038; la vie int\u00e9rieure chez wordsworth"},"content":{"rendered":"\n<p><strong>L\u00e9on Lemonnier<\/strong><\/p>\n\n\n\n<figure class=\"wp-block-image size-full\"><img decoding=\"async\" loading=\"lazy\" width=\"509\" height=\"663\" src=\"http:\/\/venusdailleurs.fr\/wp-content\/uploads\/2023\/06\/idea-symbolisme-romantisme-Copie.jpg\" alt=\"\" class=\"wp-image-2086\" srcset=\"http:\/\/venusdailleurs.fr\/wp-content\/uploads\/2023\/06\/idea-symbolisme-romantisme-Copie.jpg 509w, http:\/\/venusdailleurs.fr\/wp-content\/uploads\/2023\/06\/idea-symbolisme-romantisme-Copie-230x300.jpg 230w\" sizes=\"(max-width: 509px) 100vw, 509px\" \/><\/figure>\n\n\n\n<p>\u00abO\u00f9 la lumi\u00e8re de la conscience s\u2019\u00e9teint,<br>mais avec un \u00e9clair qui a r\u00e9v\u00e9l\u00e9 l\u2019invisible\u00bb.<br><br>Wordsworth,<br>The Prelude, livre VI, vers 602-605.<br><br><br>\u00abAlors, l\u2019\u00e2me cesse de s\u2019agiter ; elle ne cherche plus rien, elle est combl\u00e9e ; alors, sa contemplation reste en elle-m\u00eame et elle est s\u00fbre de la poss\u00e9der ; plus cette assurance est claire, plus c\u00e2line est la contemplation, et plus d\u2019unit\u00e9 elle introduit dans l\u2019\u00e2me ; alors, toute la partie par laquelle l\u2019\u00e2me conna\u00eet ne fait plus qu\u2019un avec l\u2019objet connu\u00bb.<br><br>Plotin, L\u2019extase in Enn\u00e9ades,<br>traduction Emile Br\u00e9hier, Belles-Lettres, III<br>\u00a0<\/p>\n\n\n\n<p>30 pages 14&#215;18 cm.<\/p>\n\n\n\n<p>8 \u20ac<\/p>\n\n\n\n<p><a href=\"https:\/\/venus-dailleurs.sumupstore.com\/article\/la-dictee-du-subconscient-chez-coleridge-l-extase-and-la-vie-interieure-chez-wordsworth\" target=\"_blank\" rel=\"noreferrer noopener\">COMMANDER<\/a><\/p>\n\n\n\n<p>\u200b<\/p>\n","protected":false},"excerpt":{"rendered":"<p>L\u00e9on Lemonnier \u00abO\u00f9 la lumi\u00e8re de la conscience s\u2019\u00e9teint,mais avec un \u00e9clair qui a r\u00e9v\u00e9l\u00e9 l\u2019invisible\u00bb. Wordsworth,The Prelude, livre VI, vers 602-605. \u00abAlors, l\u2019\u00e2me cesse de s\u2019agiter ; elle ne cherche plus rien, elle est combl\u00e9e ; alors, sa contemplation reste en elle-m\u00eame et elle est s\u00fbre de la poss\u00e9der ; plus cette assurance est &hellip; <a href=\"http:\/\/venusdailleurs.fr\/?page_id=2264\" class=\"more-link\">Continuer la lecture de <span class=\"screen-reader-text\">La Dict\u00e9e du subconscient chez Coleridge &#8211; L\u2019extase &#038; la vie int\u00e9rieure chez wordsworth<\/span><\/a><\/p>\n","protected":false},"author":1,"featured_media":0,"parent":0,"menu_order":0,"comment_status":"closed","ping_status":"closed","template":"","meta":[],"_links":{"self":[{"href":"http:\/\/venusdailleurs.fr\/index.php?rest_route=\/wp\/v2\/pages\/2264"}],"collection":[{"href":"http:\/\/venusdailleurs.fr\/index.php?rest_route=\/wp\/v2\/pages"}],"about":[{"href":"http:\/\/venusdailleurs.fr\/index.php?rest_route=\/wp\/v2\/types\/page"}],"author":[{"embeddable":true,"href":"http:\/\/venusdailleurs.fr\/index.php?rest_route=\/wp\/v2\/users\/1"}],"replies":[{"embeddable":true,"href":"http:\/\/venusdailleurs.fr\/index.php?rest_route=%2Fwp%2Fv2%2Fcomments&post=2264"}],"version-history":[{"count":1,"href":"http:\/\/venusdailleurs.fr\/index.php?rest_route=\/wp\/v2\/pages\/2264\/revisions"}],"predecessor-version":[{"id":2265,"href":"http:\/\/venusdailleurs.fr\/index.php?rest_route=\/wp\/v2\/pages\/2264\/revisions\/2265"}],"wp:attachment":[{"href":"http:\/\/venusdailleurs.fr\/index.php?rest_route=%2Fwp%2Fv2%2Fmedia&parent=2264"}],"curies":[{"name":"wp","href":"https:\/\/api.w.org\/{rel}","templated":true}]}}