{"id":2255,"date":"2023-06-11T11:40:33","date_gmt":"2023-06-11T09:40:33","guid":{"rendered":"http:\/\/venusdailleurs.fr\/?page_id=2255"},"modified":"2023-06-11T11:40:33","modified_gmt":"2023-06-11T09:40:33","slug":"james-ensor-graveur","status":"publish","type":"page","link":"http:\/\/venusdailleurs.fr\/?page_id=2255","title":{"rendered":"James Ensor graveur"},"content":{"rendered":"\n<p>\u00c9mile Verhaeren<\/p>\n\n\n\n<figure class=\"wp-block-image size-full\"><img decoding=\"async\" loading=\"lazy\" width=\"515\" height=\"677\" src=\"http:\/\/venusdailleurs.fr\/wp-content\/uploads\/2023\/06\/idea-sonore-Ensor.jpg\" alt=\"\" class=\"wp-image-2095\" srcset=\"http:\/\/venusdailleurs.fr\/wp-content\/uploads\/2023\/06\/idea-sonore-Ensor.jpg 515w, http:\/\/venusdailleurs.fr\/wp-content\/uploads\/2023\/06\/idea-sonore-Ensor-228x300.jpg 228w\" sizes=\"(max-width: 515px) 100vw, 515px\" \/><\/figure>\n\n\n\n<p>Lors d\u2019un banquet en son honneur, James Ensor parlait ainsi de lui-m\u00eame :<br>\u00ab Je suis n\u00e9 \u00e0 Ostende, le 13 avril 1860, un vendredi, jour de V\u00e9nus. Eh bien ! chers amis, V\u00e9nus, d\u00e8s l\u2019aube de ma naissance, vint \u00e0 moi souriante et nous nous regard\u00e2mes longuement dans les yeux. Ah! les beaux yeux pers et verts, les longs cheveux couleur de sable. V\u00e9nus \u00e9tait blonde et belle, toute barbouill\u00e9e d\u2019\u00e9cume, elle fleurait bon la mer sal\u00e9e. Bien vite je la peignis, car elle mordait mes pinceaux, bouffait mes couleurs, convoitait mes coquilles peintes, elle courait sur mes nacres, s\u2019oubliait dans mes conques, salivait sur mes brosses. \u00bb<\/p>\n\n\n\n<p><\/p>\n\n\n\n<p>32 pages 14&#215;18 cm.<\/p>\n\n\n\n<p>8 \u20ac<\/p>\n\n\n\n<p><a href=\"https:\/\/venus-dailleurs.sumupstore.com\/article\/james-ensor-graveur\" target=\"_blank\" rel=\"noreferrer noopener\">COMMANDER<\/a><\/p>\n","protected":false},"excerpt":{"rendered":"<p>\u00c9mile Verhaeren Lors d\u2019un banquet en son honneur, James Ensor parlait ainsi de lui-m\u00eame :\u00ab Je suis n\u00e9 \u00e0 Ostende, le 13 avril 1860, un vendredi, jour de V\u00e9nus. Eh bien ! chers amis, V\u00e9nus, d\u00e8s l\u2019aube de ma naissance, vint \u00e0 moi souriante et nous nous regard\u00e2mes longuement dans les yeux. Ah! les beaux &hellip; <a href=\"http:\/\/venusdailleurs.fr\/?page_id=2255\" class=\"more-link\">Continuer la lecture de <span class=\"screen-reader-text\">James Ensor graveur<\/span><\/a><\/p>\n","protected":false},"author":1,"featured_media":0,"parent":0,"menu_order":0,"comment_status":"closed","ping_status":"closed","template":"","meta":[],"_links":{"self":[{"href":"http:\/\/venusdailleurs.fr\/index.php?rest_route=\/wp\/v2\/pages\/2255"}],"collection":[{"href":"http:\/\/venusdailleurs.fr\/index.php?rest_route=\/wp\/v2\/pages"}],"about":[{"href":"http:\/\/venusdailleurs.fr\/index.php?rest_route=\/wp\/v2\/types\/page"}],"author":[{"embeddable":true,"href":"http:\/\/venusdailleurs.fr\/index.php?rest_route=\/wp\/v2\/users\/1"}],"replies":[{"embeddable":true,"href":"http:\/\/venusdailleurs.fr\/index.php?rest_route=%2Fwp%2Fv2%2Fcomments&post=2255"}],"version-history":[{"count":1,"href":"http:\/\/venusdailleurs.fr\/index.php?rest_route=\/wp\/v2\/pages\/2255\/revisions"}],"predecessor-version":[{"id":2256,"href":"http:\/\/venusdailleurs.fr\/index.php?rest_route=\/wp\/v2\/pages\/2255\/revisions\/2256"}],"wp:attachment":[{"href":"http:\/\/venusdailleurs.fr\/index.php?rest_route=%2Fwp%2Fv2%2Fmedia&parent=2255"}],"curies":[{"name":"wp","href":"https:\/\/api.w.org\/{rel}","templated":true}]}}