{"id":2253,"date":"2023-06-11T11:39:09","date_gmt":"2023-06-11T09:39:09","guid":{"rendered":"http:\/\/venusdailleurs.fr\/?page_id=2253"},"modified":"2023-06-11T11:39:09","modified_gmt":"2023-06-11T09:39:09","slug":"l-e-s-h-i-r-s-u-t-e-s","status":"publish","type":"page","link":"http:\/\/venusdailleurs.fr\/?page_id=2253","title":{"rendered":"L E S\u00a0 H I R S U T E S"},"content":{"rendered":"\n<p><strong>L\u00e9o Tr\u00e9zenik<\/strong><\/p>\n\n\n\n<figure class=\"wp-block-image size-full\"><img decoding=\"async\" loading=\"lazy\" width=\"511\" height=\"668\" src=\"http:\/\/venusdailleurs.fr\/wp-content\/uploads\/2023\/06\/idea-boomerang-hirsutes.jpg\" alt=\"\" class=\"wp-image-2090\" srcset=\"http:\/\/venusdailleurs.fr\/wp-content\/uploads\/2023\/06\/idea-boomerang-hirsutes.jpg 511w, http:\/\/venusdailleurs.fr\/wp-content\/uploads\/2023\/06\/idea-boomerang-hirsutes-229x300.jpg 229w\" sizes=\"(max-width: 511px) 100vw, 511px\" \/><\/figure>\n\n\n\n<p>\u200b<\/p>\n\n\n\n<p>Aujourd&rsquo;hui que les Hirsutes sont morts, enterr\u00e9s dans le ridicule des derni\u00e8res s\u00e9ances, dont quelques po\u00e8taillonnets de brasseries faisaient les frais, il semblera peut-\u00eatre int\u00e9ressant, ne fut-ce qu&rsquo;\u00e0 quelques-uns, de raconter comment ils sont n\u00e9s. Et d&rsquo;ailleurs, c&rsquo;est uniquement pour ces quelques-uns que j&rsquo;entreprends cette tache, pour ces quelques fid\u00e8les qui ont suivi les Hirsutes, &#8211; tr\u00e8s dignes successeurs et non moins bruyants &#8211; , des Hydropathes, dans leurs diverses p\u00e9r\u00e9grinations.<\/p>\n\n\n\n<p><\/p>\n\n\n\n<p>48 pages 14&#215;18 cm.<\/p>\n\n\n\n<p>8 \u20ac<\/p>\n\n\n\n<p><a href=\"https:\/\/venus-dailleurs.sumupstore.com\/article\/les-hirsutes\" target=\"_blank\" rel=\"noreferrer noopener\">COMMANDER<\/a><\/p>\n","protected":false},"excerpt":{"rendered":"<p>L\u00e9o Tr\u00e9zenik \u200b Aujourd&rsquo;hui que les Hirsutes sont morts, enterr\u00e9s dans le ridicule des derni\u00e8res s\u00e9ances, dont quelques po\u00e8taillonnets de brasseries faisaient les frais, il semblera peut-\u00eatre int\u00e9ressant, ne fut-ce qu&rsquo;\u00e0 quelques-uns, de raconter comment ils sont n\u00e9s. Et d&rsquo;ailleurs, c&rsquo;est uniquement pour ces quelques-uns que j&rsquo;entreprends cette tache, pour ces quelques fid\u00e8les qui ont &hellip; <a href=\"http:\/\/venusdailleurs.fr\/?page_id=2253\" class=\"more-link\">Continuer la lecture de <span class=\"screen-reader-text\">L E S\u00a0 H I R S U T E S<\/span><\/a><\/p>\n","protected":false},"author":1,"featured_media":0,"parent":0,"menu_order":0,"comment_status":"closed","ping_status":"closed","template":"","meta":[],"_links":{"self":[{"href":"http:\/\/venusdailleurs.fr\/index.php?rest_route=\/wp\/v2\/pages\/2253"}],"collection":[{"href":"http:\/\/venusdailleurs.fr\/index.php?rest_route=\/wp\/v2\/pages"}],"about":[{"href":"http:\/\/venusdailleurs.fr\/index.php?rest_route=\/wp\/v2\/types\/page"}],"author":[{"embeddable":true,"href":"http:\/\/venusdailleurs.fr\/index.php?rest_route=\/wp\/v2\/users\/1"}],"replies":[{"embeddable":true,"href":"http:\/\/venusdailleurs.fr\/index.php?rest_route=%2Fwp%2Fv2%2Fcomments&post=2253"}],"version-history":[{"count":1,"href":"http:\/\/venusdailleurs.fr\/index.php?rest_route=\/wp\/v2\/pages\/2253\/revisions"}],"predecessor-version":[{"id":2254,"href":"http:\/\/venusdailleurs.fr\/index.php?rest_route=\/wp\/v2\/pages\/2253\/revisions\/2254"}],"wp:attachment":[{"href":"http:\/\/venusdailleurs.fr\/index.php?rest_route=%2Fwp%2Fv2%2Fmedia&parent=2253"}],"curies":[{"name":"wp","href":"https:\/\/api.w.org\/{rel}","templated":true}]}}