{"id":2249,"date":"2023-06-11T11:36:24","date_gmt":"2023-06-11T09:36:24","guid":{"rendered":"http:\/\/venusdailleurs.fr\/?page_id=2249"},"modified":"2023-06-11T11:36:24","modified_gmt":"2023-06-11T09:36:24","slug":"lincoherence","status":"publish","type":"page","link":"http:\/\/venusdailleurs.fr\/?page_id=2249","title":{"rendered":"L&rsquo;incoh\u00e9rence"},"content":{"rendered":"\n<p><strong>Emile Goudeau<\/strong><\/p>\n\n\n\n<figure class=\"wp-block-image size-full\"><img decoding=\"async\" loading=\"lazy\" width=\"511\" height=\"673\" src=\"http:\/\/venusdailleurs.fr\/wp-content\/uploads\/2023\/06\/idea-incoherence.jpg\" alt=\"\" class=\"wp-image-2092\" srcset=\"http:\/\/venusdailleurs.fr\/wp-content\/uploads\/2023\/06\/idea-incoherence.jpg 511w, http:\/\/venusdailleurs.fr\/wp-content\/uploads\/2023\/06\/idea-incoherence-228x300.jpg 228w\" sizes=\"(max-width: 511px) 100vw, 511px\" \/><\/figure>\n\n\n\n<p>Cela fut, et cela ne sera plus.<br>L\u2019incoh\u00e9rence, comme toute chose ici-bas &#8211; \u00f4 malheur ! &#8211; a eu sa naissance, sa maturit\u00e9, elle mourra.<br>Demain ! Apr\u00e8s un bal d\u00e9finitif, un dernier \u00e9lan de jambes et de bras, une valse ultime sur le volcan parisien, o\u00f9 nous dansons tous, les uns de la Saint-Guy, les autres de l\u2019anse du panier, d\u2019autres encore de la fameuse polka des \u00e9cus, l\u2019incoh\u00e9rence rentrera dans le calme.<\/p>\n\n\n\n<p><\/p>\n\n\n\n<p>32 pages 14&#215;18 cm.<\/p>\n\n\n\n<p>8 \u20ac<\/p>\n\n\n\n<p><a href=\"https:\/\/venus-dailleurs.sumupstore.com\/article\/l-incoherence\" target=\"_blank\" rel=\"noreferrer noopener\">COMMANDER<\/a><\/p>\n\n\n\n<p>\u200b<\/p>\n\n\n\n<p>\u200b<\/p>\n","protected":false},"excerpt":{"rendered":"<p>Emile Goudeau Cela fut, et cela ne sera plus.L\u2019incoh\u00e9rence, comme toute chose ici-bas &#8211; \u00f4 malheur ! &#8211; a eu sa naissance, sa maturit\u00e9, elle mourra.Demain ! Apr\u00e8s un bal d\u00e9finitif, un dernier \u00e9lan de jambes et de bras, une valse ultime sur le volcan parisien, o\u00f9 nous dansons tous, les uns de la Saint-Guy, &hellip; <a href=\"http:\/\/venusdailleurs.fr\/?page_id=2249\" class=\"more-link\">Continuer la lecture de <span class=\"screen-reader-text\">L&rsquo;incoh\u00e9rence<\/span><\/a><\/p>\n","protected":false},"author":1,"featured_media":0,"parent":0,"menu_order":0,"comment_status":"closed","ping_status":"closed","template":"","meta":[],"_links":{"self":[{"href":"http:\/\/venusdailleurs.fr\/index.php?rest_route=\/wp\/v2\/pages\/2249"}],"collection":[{"href":"http:\/\/venusdailleurs.fr\/index.php?rest_route=\/wp\/v2\/pages"}],"about":[{"href":"http:\/\/venusdailleurs.fr\/index.php?rest_route=\/wp\/v2\/types\/page"}],"author":[{"embeddable":true,"href":"http:\/\/venusdailleurs.fr\/index.php?rest_route=\/wp\/v2\/users\/1"}],"replies":[{"embeddable":true,"href":"http:\/\/venusdailleurs.fr\/index.php?rest_route=%2Fwp%2Fv2%2Fcomments&post=2249"}],"version-history":[{"count":1,"href":"http:\/\/venusdailleurs.fr\/index.php?rest_route=\/wp\/v2\/pages\/2249\/revisions"}],"predecessor-version":[{"id":2250,"href":"http:\/\/venusdailleurs.fr\/index.php?rest_route=\/wp\/v2\/pages\/2249\/revisions\/2250"}],"wp:attachment":[{"href":"http:\/\/venusdailleurs.fr\/index.php?rest_route=%2Fwp%2Fv2%2Fmedia&parent=2249"}],"curies":[{"name":"wp","href":"https:\/\/api.w.org\/{rel}","templated":true}]}}