{"id":2060,"date":"2023-06-10T22:19:12","date_gmt":"2023-06-10T20:19:12","guid":{"rendered":"http:\/\/venusdailleurs.fr\/?page_id=2060"},"modified":"2023-06-10T22:26:12","modified_gmt":"2023-06-10T20:26:12","slug":"la-nouvelle-revue-moderne-3","status":"publish","type":"page","link":"http:\/\/venusdailleurs.fr\/?page_id=2060","title":{"rendered":"La Nouvelle Revue Moderne n\u00b038"},"content":{"rendered":"\n<h2 class=\"wp-block-heading\"><strong>La main qui r\u00eave &#8211;\u00a0 G\u00e9rard Farasse<\/strong><\/h2>\n\n\n\n<p>32 pages &#8211; 14&#215;21 cm &#8211; 500 ex.<\/p>\n\n\n\n<p>5 exemplaires accompagn\u00e9s d&rsquo;un collage original de P.Lemaire, 17 tirages de t\u00eate comportant une estampe.<\/p>\n\n\n\n<figure class=\"wp-block-image size-large is-resized\"><img decoding=\"async\" loading=\"lazy\" src=\"http:\/\/venusdailleurs.fr\/wp-content\/uploads\/2023\/06\/NRM_N\u00b037-683x1024.jpg\" alt=\"\" class=\"wp-image-2051\" width=\"470\" height=\"705\" srcset=\"http:\/\/venusdailleurs.fr\/wp-content\/uploads\/2023\/06\/NRM_N\u00b037-683x1024.jpg 683w, http:\/\/venusdailleurs.fr\/wp-content\/uploads\/2023\/06\/NRM_N\u00b037-200x300.jpg 200w, http:\/\/venusdailleurs.fr\/wp-content\/uploads\/2023\/06\/NRM_N\u00b037-768x1152.jpg 768w, http:\/\/venusdailleurs.fr\/wp-content\/uploads\/2023\/06\/NRM_N\u00b037-1024x1536.jpg 1024w, http:\/\/venusdailleurs.fr\/wp-content\/uploads\/2023\/06\/NRM_N\u00b037-1365x2048.jpg 1365w, http:\/\/venusdailleurs.fr\/wp-content\/uploads\/2023\/06\/NRM_N\u00b037-scaled.jpg 1707w\" sizes=\"(max-width: 470px) 100vw, 470px\" \/><\/figure>\n\n\n\n<p>PHILIPPE LEMAIRE &nbsp; Cr\u00e9er c&rsquo;est r\u00e9sister<\/p>\n\n\n\n<p>&nbsp;G\u00c9RALDINE SERBOURDIN &nbsp; Le travail du r\u00eave<\/p>\n\n\n\n<p>&nbsp;IAN MONK&nbsp; Ce livre qui reste \u00e0 \u00e9crire<\/p>\n\n\n\n<p>&nbsp;G\u00c9RARD FARASSE Main courante<br>(Textes in\u00e9dits pr\u00e9sent\u00e9s par Myriam Boucharenc)<\/p>\n\n\n\n<p>&nbsp;MYRIAM BOUCHARENC&nbsp; La main qui r\u00eave<\/p>\n\n\n\n<p>&nbsp;PHILIPPE LEMAIRE G\u00e9rard Farasse, de la soci\u00e9t\u00e9 secr\u00e8te des r\u00eaveurs<\/p>\n\n\n\n<p>&nbsp;NADINE RIBAULT Le pays des nuages et le point hors du monde<\/p>\n\n\n\n<p>&nbsp;JACQUES ABEILLE&nbsp; Ah, grogne le capitaine<\/p>\n\n\n\n<p>&#8211; IMAGES &#8211;<\/p>\n\n\n\n<p>Collages de CLAUDE BALLAR\u00c9, PHILIPPE LEMAIRE &amp; LAURE MISSIR<br>Dessin de BENJAMIN NO\u00cbL<br>Gravure de CHARLOTTE MASSIP<\/p>\n\n\n\n<p>6 \u20ac<\/p>\n\n\n\n<p><a href=\"https:\/\/venus-dailleurs.sumupstore.com\/article\/la-nouvelle-revue-moderne-n-38-la-main-qui-reve-gerard-farasse\" target=\"_blank\" rel=\"noreferrer noopener\">COMMANDER<\/a><\/p>\n","protected":false},"excerpt":{"rendered":"<p>La main qui r\u00eave &#8211;\u00a0 G\u00e9rard Farasse 32 pages &#8211; 14&#215;21 cm &#8211; 500 ex. 5 exemplaires accompagn\u00e9s d&rsquo;un collage original de P.Lemaire, 17 tirages de t\u00eate comportant une estampe. PHILIPPE LEMAIRE &nbsp; Cr\u00e9er c&rsquo;est r\u00e9sister &nbsp;G\u00c9RALDINE SERBOURDIN &nbsp; Le travail du r\u00eave &nbsp;IAN MONK&nbsp; Ce livre qui reste \u00e0 \u00e9crire &nbsp;G\u00c9RARD FARASSE Main courante(Textes &hellip; <a href=\"http:\/\/venusdailleurs.fr\/?page_id=2060\" class=\"more-link\">Continuer la lecture de <span class=\"screen-reader-text\">La Nouvelle Revue Moderne n\u00b038<\/span><\/a><\/p>\n","protected":false},"author":1,"featured_media":0,"parent":0,"menu_order":0,"comment_status":"closed","ping_status":"closed","template":"","meta":[],"_links":{"self":[{"href":"http:\/\/venusdailleurs.fr\/index.php?rest_route=\/wp\/v2\/pages\/2060"}],"collection":[{"href":"http:\/\/venusdailleurs.fr\/index.php?rest_route=\/wp\/v2\/pages"}],"about":[{"href":"http:\/\/venusdailleurs.fr\/index.php?rest_route=\/wp\/v2\/types\/page"}],"author":[{"embeddable":true,"href":"http:\/\/venusdailleurs.fr\/index.php?rest_route=\/wp\/v2\/users\/1"}],"replies":[{"embeddable":true,"href":"http:\/\/venusdailleurs.fr\/index.php?rest_route=%2Fwp%2Fv2%2Fcomments&post=2060"}],"version-history":[{"count":3,"href":"http:\/\/venusdailleurs.fr\/index.php?rest_route=\/wp\/v2\/pages\/2060\/revisions"}],"predecessor-version":[{"id":2073,"href":"http:\/\/venusdailleurs.fr\/index.php?rest_route=\/wp\/v2\/pages\/2060\/revisions\/2073"}],"wp:attachment":[{"href":"http:\/\/venusdailleurs.fr\/index.php?rest_route=%2Fwp%2Fv2%2Fmedia&parent=2060"}],"curies":[{"name":"wp","href":"https:\/\/api.w.org\/{rel}","templated":true}]}}