{"id":2058,"date":"2023-06-10T22:17:44","date_gmt":"2023-06-10T20:17:44","guid":{"rendered":"http:\/\/venusdailleurs.fr\/?page_id=2058"},"modified":"2023-06-10T22:26:37","modified_gmt":"2023-06-10T20:26:37","slug":"la-nouvelle-revue-moderne-2","status":"publish","type":"page","link":"http:\/\/venusdailleurs.fr\/?page_id=2058","title":{"rendered":"La Nouvelle Revue Moderne n\u00b039"},"content":{"rendered":"\n<h2 class=\"wp-block-heading\"><strong>Arcane 17 L&rsquo;\u00e2me du r\u00eave<\/strong><\/h2>\n\n\n\n<p>32 pages &#8211; 14&#215;21 cm &#8211; 600 ex.<\/p>\n\n\n\n<figure class=\"wp-block-image size-large is-resized\"><img decoding=\"async\" loading=\"lazy\" src=\"http:\/\/venusdailleurs.fr\/wp-content\/uploads\/2023\/06\/NRM_N\u00b039-683x1024.jpg\" alt=\"\" class=\"wp-image-2050\" width=\"511\" height=\"766\" srcset=\"http:\/\/venusdailleurs.fr\/wp-content\/uploads\/2023\/06\/NRM_N\u00b039-683x1024.jpg 683w, http:\/\/venusdailleurs.fr\/wp-content\/uploads\/2023\/06\/NRM_N\u00b039-200x300.jpg 200w, http:\/\/venusdailleurs.fr\/wp-content\/uploads\/2023\/06\/NRM_N\u00b039-768x1152.jpg 768w, http:\/\/venusdailleurs.fr\/wp-content\/uploads\/2023\/06\/NRM_N\u00b039-1024x1536.jpg 1024w, http:\/\/venusdailleurs.fr\/wp-content\/uploads\/2023\/06\/NRM_N\u00b039-1365x2048.jpg 1365w, http:\/\/venusdailleurs.fr\/wp-content\/uploads\/2023\/06\/NRM_N\u00b039-scaled.jpg 1707w\" sizes=\"(max-width: 511px) 100vw, 511px\" \/><\/figure>\n\n\n\n<p>PHILIPPE LEMAIRE, Arcane 17 L&rsquo;\u00e2me du r\u00eave<br>LAURE MISSIR, La nuit s&rsquo;allonge \u00e0 m\u00eame le sol<br>NADINE RIBAULT, Dans le noir du contre-assassinat<br>G\u00c9RALDINE SERBOURDIN, L&rsquo;aveu du r\u00eave &#8211; Le vivre au perdu reli\u00e9<br>Vertiges des r\u00eaves &#8211; Au bord de ta langue &#8211; Perles noires<br>DAVID VAN ROBAYS, R\u00eave d&rsquo;Amahani<br>JACQUES ABEILLE, La lumi\u00e8re, toute la lumi\u00e8re \u00e9tait captive<br>Menac\u00e9e par le deuil du d\u00e9sir<\/p>\n\n\n\n<p>&#8211; IMAGES &#8211;<\/p>\n\n\n\n<p>AUR\u00c9LIE AURA &#8211; CLAUDE BALLARE &#8211; CHRISTOPH BRUNEEL &#8211; MICHEL CADIERE &#8211; DARNISH &#8211; FABIEN DELVIGNE &#8211; AGN\u00c8S DUBART &#8211; Y.A. GIL &#8211; PHILIPPE LEMAIRE &#8211; CHARLOTTE MASSIP &#8211;<br>SUSAN MENDE &#8211; BENJAMIN MONTI &#8211; NATHALIE MOULIN &#8211; YVES REYNIER &#8211; NADINE RIBAULT<\/p>\n\n\n\n<p>6 \u20ac<\/p>\n\n\n\n<p><a href=\"https:\/\/venus-dailleurs.sumupstore.com\/article\/la-nouvelle-revue-moderne-n-39-arcane-17-l-ame-du-reve\" target=\"_blank\" rel=\"noreferrer noopener\">COMMANDER<\/a><\/p>\n","protected":false},"excerpt":{"rendered":"<p>Arcane 17 L&rsquo;\u00e2me du r\u00eave 32 pages &#8211; 14&#215;21 cm &#8211; 600 ex. PHILIPPE LEMAIRE, Arcane 17 L&rsquo;\u00e2me du r\u00eaveLAURE MISSIR, La nuit s&rsquo;allonge \u00e0 m\u00eame le solNADINE RIBAULT, Dans le noir du contre-assassinatG\u00c9RALDINE SERBOURDIN, L&rsquo;aveu du r\u00eave &#8211; Le vivre au perdu reli\u00e9Vertiges des r\u00eaves &#8211; Au bord de ta langue &#8211; Perles noiresDAVID &hellip; <a href=\"http:\/\/venusdailleurs.fr\/?page_id=2058\" class=\"more-link\">Continuer la lecture de <span class=\"screen-reader-text\">La Nouvelle Revue Moderne n\u00b039<\/span><\/a><\/p>\n","protected":false},"author":1,"featured_media":0,"parent":0,"menu_order":0,"comment_status":"closed","ping_status":"closed","template":"","meta":[],"_links":{"self":[{"href":"http:\/\/venusdailleurs.fr\/index.php?rest_route=\/wp\/v2\/pages\/2058"}],"collection":[{"href":"http:\/\/venusdailleurs.fr\/index.php?rest_route=\/wp\/v2\/pages"}],"about":[{"href":"http:\/\/venusdailleurs.fr\/index.php?rest_route=\/wp\/v2\/types\/page"}],"author":[{"embeddable":true,"href":"http:\/\/venusdailleurs.fr\/index.php?rest_route=\/wp\/v2\/users\/1"}],"replies":[{"embeddable":true,"href":"http:\/\/venusdailleurs.fr\/index.php?rest_route=%2Fwp%2Fv2%2Fcomments&post=2058"}],"version-history":[{"count":2,"href":"http:\/\/venusdailleurs.fr\/index.php?rest_route=\/wp\/v2\/pages\/2058\/revisions"}],"predecessor-version":[{"id":2074,"href":"http:\/\/venusdailleurs.fr\/index.php?rest_route=\/wp\/v2\/pages\/2058\/revisions\/2074"}],"wp:attachment":[{"href":"http:\/\/venusdailleurs.fr\/index.php?rest_route=%2Fwp%2Fv2%2Fmedia&parent=2058"}],"curies":[{"name":"wp","href":"https:\/\/api.w.org\/{rel}","templated":true}]}}