{"id":1709,"date":"2023-04-16T19:58:25","date_gmt":"2023-04-16T17:58:25","guid":{"rendered":"http:\/\/venusdailleurs.fr\/?page_id=1709"},"modified":"2023-06-10T18:26:26","modified_gmt":"2023-06-10T16:26:26","slug":"les-messagers-de-la-huppe","status":"publish","type":"page","link":"http:\/\/venusdailleurs.fr\/?page_id=1709","title":{"rendered":"Les messagers de la huppe"},"content":{"rendered":"\n<p class=\"has-text-align-center\"><strong>Claude Ballar\u00e9 &#8211; Josef Karom &#8211; Nathalie Moulin<\/strong><\/p>\n\n\n\n<p class=\"has-text-align-center\"><strong>10 &#8211; 19 septembre 2021<\/strong><\/p>\n\n\n\n<p>\u200b<\/p>\n\n\n\n<p>\u200b<\/p>\n\n\n\n<div><h3><\/h3><div> \n<!-- Start container 1 --><div id=\"wppa-modal-container-1\" class=\"wppa-modal-container\" style=\"position:relative;z-index:100000;\" data-wppa=\"yes\"><\/div><div id=\"wppa-container-wrapper-1\" class=\"alignnone wppa-container-wrapper \" style=\"width:100%;clear:both;padding:0;position:relative;\"><div id=\"wppa-container-1\" style=\"width:100%;\" class=\"wppa-container wppa-container-1 wppa-rev-9012001 wppa-prevrev-9011007 wppa-theme-9.0.12.001 wppa-api-9.0.12.001\"><svg id=\"wppa-ajax-spin-1\" class=\"wppa-ajax-spin uil-default\" width=\"120px\" height=\"120px\" viewBox=\"0 0 100 100\" preserveAspectRatio=\"xMidYMid\" stroke=\"\" style=\"width:120px; height:120px; position:fixed; top:50%; margin-top:-60px; left:50%; margin-left:-60px; opacity:1; display:none; fill:#666666; background-color:transparent; border-radius:24px;\"><rect x=\"0\" y=\"0\" width=\"100\" height=\"100\" fill=\"none\" class=\"bk\"><\/rect><rect class=\"wppa-ajaxspin\" x=\"47\" y=\"40\" width=\"6\" height=\"20\" rx=\"3\" ry=\"3\" transform=\"rotate(0 50 50) translate(0 -32)\"><animate attributeName=\"opacity\" from=\"1\" to=\"0\" dur=\"1.5s\" begin=\"0s\" repeatCount=\"indefinite\" ><\/rect><rect class=\"wppa-ajaxspin\" x=\"47\" y=\"40\" width=\"6\" height=\"20\" rx=\"3\" ry=\"3\" transform=\"rotate(22.5 50 50) translate(0 -32)\"><animate attributeName=\"opacity\" from=\"1\" to=\"0\" dur=\"1.5s\" begin=\"0.09375s\" repeatCount=\"indefinite\" ><\/rect><rect class=\"wppa-ajaxspin\" x=\"47\" y=\"40\" width=\"6\" height=\"20\" rx=\"3\" ry=\"3\" transform=\"rotate(45 50 50) translate(0 -32)\"><animate attributeName=\"opacity\" from=\"1\" to=\"0\" dur=\"1.5s\" begin=\"0.1875s\" repeatCount=\"indefinite\" ><\/rect><rect class=\"wppa-ajaxspin\" x=\"47\" y=\"40\" width=\"6\" height=\"20\" rx=\"3\" ry=\"3\" transform=\"rotate(67.5 50 50) translate(0 -32)\"><animate attributeName=\"opacity\" from=\"1\" to=\"0\" dur=\"1.5s\" begin=\"0.28125s\" repeatCount=\"indefinite\" ><\/rect><rect class=\"wppa-ajaxspin\" x=\"47\" y=\"40\" width=\"6\" height=\"20\" rx=\"3\" ry=\"3\" transform=\"rotate(90 50 50) translate(0 -32)\"><animate attributeName=\"opacity\" from=\"1\" to=\"0\" dur=\"1.5s\" begin=\"0.375s\" repeatCount=\"indefinite\" ><\/rect><rect class=\"wppa-ajaxspin\" x=\"47\" y=\"40\" width=\"6\" height=\"20\" rx=\"3\" ry=\"3\" transform=\"rotate(112.5 50 50) translate(0 -32)\"><animate attributeName=\"opacity\" from=\"1\" to=\"0\" dur=\"1.5s\" begin=\"0.46875s\" repeatCount=\"indefinite\" ><\/rect><rect class=\"wppa-ajaxspin\" x=\"47\" y=\"40\" width=\"6\" height=\"20\" rx=\"3\" ry=\"3\" transform=\"rotate(135 50 50) translate(0 -32)\"><animate attributeName=\"opacity\" from=\"1\" to=\"0\" dur=\"1.5s\" begin=\"0.5625s\" repeatCount=\"indefinite\" ><\/rect><rect class=\"wppa-ajaxspin\" x=\"47\" y=\"40\" width=\"6\" height=\"20\" rx=\"3\" ry=\"3\" transform=\"rotate(157.5 50 50) translate(0 -32)\"><animate attributeName=\"opacity\" from=\"1\" to=\"0\" dur=\"1.5s\" begin=\"0.65625s\" repeatCount=\"indefinite\" ><\/rect><rect class=\"wppa-ajaxspin\" x=\"47\" y=\"40\" width=\"6\" height=\"20\" rx=\"3\" ry=\"3\" transform=\"rotate(180 50 50) translate(0 -32)\"><animate attributeName=\"opacity\" from=\"1\" to=\"0\" dur=\"1.5s\" begin=\"0.75s\" repeatCount=\"indefinite\" ><\/rect><rect class=\"wppa-ajaxspin\" x=\"47\" y=\"40\" width=\"6\" height=\"20\" rx=\"3\" ry=\"3\" transform=\"rotate(202.5 50 50) translate(0 -32)\"><animate attributeName=\"opacity\" from=\"1\" to=\"0\" dur=\"1.5s\" begin=\"0.84375s\" repeatCount=\"indefinite\" ><\/rect><rect class=\"wppa-ajaxspin\" x=\"47\" y=\"40\" width=\"6\" height=\"20\" rx=\"3\" ry=\"3\" transform=\"rotate(225 50 50) translate(0 -32)\"><animate attributeName=\"opacity\" from=\"1\" to=\"0\" dur=\"1.5s\" begin=\"0.9375s\" repeatCount=\"indefinite\" ><\/rect><rect class=\"wppa-ajaxspin\" x=\"47\" y=\"40\" width=\"6\" height=\"20\" rx=\"3\" ry=\"3\" transform=\"rotate(247.5 50 50) translate(0 -32)\"><animate attributeName=\"opacity\" from=\"1\" to=\"0\" dur=\"1.5s\" begin=\"1.03125s\" repeatCount=\"indefinite\" ><\/rect><rect class=\"wppa-ajaxspin\" x=\"47\" y=\"40\" width=\"6\" height=\"20\" rx=\"3\" ry=\"3\" transform=\"rotate(270 50 50) translate(0 -32)\"><animate attributeName=\"opacity\" from=\"1\" to=\"0\" dur=\"1.5s\" begin=\"1.125s\" repeatCount=\"indefinite\" ><\/rect><rect class=\"wppa-ajaxspin\" x=\"47\" y=\"40\" width=\"6\" height=\"20\" rx=\"3\" ry=\"3\" transform=\"rotate(292.5 50 50) translate(0 -32)\"><animate attributeName=\"opacity\" from=\"1\" to=\"0\" dur=\"1.5s\" begin=\"1.21875s\" repeatCount=\"indefinite\" ><\/rect><rect class=\"wppa-ajaxspin\" x=\"47\" y=\"40\" width=\"6\" height=\"20\" rx=\"3\" ry=\"3\" transform=\"rotate(315 50 50) translate(0 -32)\"><animate attributeName=\"opacity\" from=\"1\" to=\"0\" dur=\"1.5s\" begin=\"1.3125s\" repeatCount=\"indefinite\" ><\/rect><rect class=\"wppa-ajaxspin\" x=\"47\" y=\"40\" width=\"6\" height=\"20\" rx=\"3\" ry=\"3\" transform=\"rotate(337.5 50 50) translate(0 -32)\"><animate attributeName=\"opacity\" from=\"1\" to=\"0\" dur=\"1.5s\" begin=\"1.40625s\" repeatCount=\"indefinite\" ><\/rect><\/svg><input type=\"hidden\" id=\"wppa-nonce-0-1\" name=\"wppa-nonce\" value=\"ea24668a8a\" ><div id=\"wppa-slidelist-1\" style=\"overflow:auto;\" class=\"slidelist\"><noscript style=\"text-align:center\"><span style=\"color:red\">Vous devez activer Javascript pour voir les images pleine grandeur. <\/span><\/noscript><div id=\"slide_frame-1\" class=\"slide-frame\" style=\"overflow:hidden;height:480px;margin-bottom:8px;margin-right:auto;margin-left:auto;\"><div id=\"theslide0-1\" class=\"theslide theslide-1\" style=\"width:100%; margin:auto;\"><\/div><div id=\"theslide1-1\" class=\"theslide theslide-1\" style=\"width:100%; margin:auto;\"><\/div><svg id=\"wppa-slide-spin-1\" class=\"wppa-spinner uil-default\" width=\"120px\" height=\"120px\" viewBox=\"0 0 100 100\" preserveAspectRatio=\"xMidYMid\" stroke=\"\" style=\"width:120px; height:120px; position:absolute; top:50%; margin-top:-60px; left:50%; margin-left:-60px; opacity:1; display:inline; fill:#666666; background-color:transparent; border-radius:24px;z-index:99;\"><rect x=\"0\" y=\"0\" width=\"100\" height=\"100\" fill=\"none\" class=\"bk\"><\/rect><rect class=\"wppa-ajaxspin\" x=\"47\" y=\"40\" width=\"6\" height=\"20\" rx=\"3\" ry=\"3\" transform=\"rotate(0 50 50) translate(0 -32)\"><animate attributeName=\"opacity\" from=\"1\" to=\"0\" dur=\"1.5s\" begin=\"0s\" repeatCount=\"indefinite\" ><\/rect><rect class=\"wppa-ajaxspin\" x=\"47\" y=\"40\" width=\"6\" height=\"20\" rx=\"3\" ry=\"3\" transform=\"rotate(22.5 50 50) translate(0 -32)\"><animate attributeName=\"opacity\" from=\"1\" to=\"0\" dur=\"1.5s\" begin=\"0.09375s\" repeatCount=\"indefinite\" ><\/rect><rect class=\"wppa-ajaxspin\" x=\"47\" y=\"40\" width=\"6\" height=\"20\" rx=\"3\" ry=\"3\" transform=\"rotate(45 50 50) translate(0 -32)\"><animate attributeName=\"opacity\" from=\"1\" to=\"0\" dur=\"1.5s\" begin=\"0.1875s\" repeatCount=\"indefinite\" ><\/rect><rect class=\"wppa-ajaxspin\" x=\"47\" y=\"40\" width=\"6\" height=\"20\" rx=\"3\" ry=\"3\" transform=\"rotate(67.5 50 50) translate(0 -32)\"><animate attributeName=\"opacity\" from=\"1\" to=\"0\" dur=\"1.5s\" begin=\"0.28125s\" repeatCount=\"indefinite\" ><\/rect><rect class=\"wppa-ajaxspin\" x=\"47\" y=\"40\" width=\"6\" height=\"20\" rx=\"3\" ry=\"3\" transform=\"rotate(90 50 50) translate(0 -32)\"><animate attributeName=\"opacity\" from=\"1\" to=\"0\" dur=\"1.5s\" begin=\"0.375s\" repeatCount=\"indefinite\" ><\/rect><rect class=\"wppa-ajaxspin\" x=\"47\" y=\"40\" width=\"6\" height=\"20\" rx=\"3\" ry=\"3\" transform=\"rotate(112.5 50 50) translate(0 -32)\"><animate attributeName=\"opacity\" from=\"1\" to=\"0\" dur=\"1.5s\" begin=\"0.46875s\" repeatCount=\"indefinite\" ><\/rect><rect class=\"wppa-ajaxspin\" x=\"47\" y=\"40\" width=\"6\" height=\"20\" rx=\"3\" ry=\"3\" transform=\"rotate(135 50 50) translate(0 -32)\"><animate attributeName=\"opacity\" from=\"1\" to=\"0\" dur=\"1.5s\" begin=\"0.5625s\" repeatCount=\"indefinite\" ><\/rect><rect class=\"wppa-ajaxspin\" x=\"47\" y=\"40\" width=\"6\" height=\"20\" rx=\"3\" ry=\"3\" transform=\"rotate(157.5 50 50) translate(0 -32)\"><animate attributeName=\"opacity\" from=\"1\" to=\"0\" dur=\"1.5s\" begin=\"0.65625s\" repeatCount=\"indefinite\" ><\/rect><rect class=\"wppa-ajaxspin\" x=\"47\" y=\"40\" width=\"6\" height=\"20\" rx=\"3\" ry=\"3\" transform=\"rotate(180 50 50) translate(0 -32)\"><animate attributeName=\"opacity\" from=\"1\" to=\"0\" dur=\"1.5s\" begin=\"0.75s\" repeatCount=\"indefinite\" ><\/rect><rect class=\"wppa-ajaxspin\" x=\"47\" y=\"40\" width=\"6\" height=\"20\" rx=\"3\" ry=\"3\" transform=\"rotate(202.5 50 50) translate(0 -32)\"><animate attributeName=\"opacity\" from=\"1\" to=\"0\" dur=\"1.5s\" begin=\"0.84375s\" repeatCount=\"indefinite\" ><\/rect><rect class=\"wppa-ajaxspin\" x=\"47\" y=\"40\" width=\"6\" height=\"20\" rx=\"3\" ry=\"3\" transform=\"rotate(225 50 50) translate(0 -32)\"><animate attributeName=\"opacity\" from=\"1\" to=\"0\" dur=\"1.5s\" begin=\"0.9375s\" repeatCount=\"indefinite\" ><\/rect><rect class=\"wppa-ajaxspin\" x=\"47\" y=\"40\" width=\"6\" height=\"20\" rx=\"3\" ry=\"3\" transform=\"rotate(247.5 50 50) translate(0 -32)\"><animate attributeName=\"opacity\" from=\"1\" to=\"0\" dur=\"1.5s\" begin=\"1.03125s\" repeatCount=\"indefinite\" ><\/rect><rect class=\"wppa-ajaxspin\" x=\"47\" y=\"40\" width=\"6\" height=\"20\" rx=\"3\" ry=\"3\" transform=\"rotate(270 50 50) translate(0 -32)\"><animate attributeName=\"opacity\" from=\"1\" to=\"0\" dur=\"1.5s\" begin=\"1.125s\" repeatCount=\"indefinite\" ><\/rect><rect class=\"wppa-ajaxspin\" x=\"47\" y=\"40\" width=\"6\" height=\"20\" rx=\"3\" ry=\"3\" transform=\"rotate(292.5 50 50) translate(0 -32)\"><animate attributeName=\"opacity\" from=\"1\" to=\"0\" dur=\"1.5s\" begin=\"1.21875s\" repeatCount=\"indefinite\" ><\/rect><rect class=\"wppa-ajaxspin\" x=\"47\" y=\"40\" width=\"6\" height=\"20\" rx=\"3\" ry=\"3\" transform=\"rotate(315 50 50) translate(0 -32)\"><animate attributeName=\"opacity\" from=\"1\" to=\"0\" dur=\"1.5s\" begin=\"1.3125s\" repeatCount=\"indefinite\" ><\/rect><rect class=\"wppa-ajaxspin\" x=\"47\" y=\"40\" width=\"6\" height=\"20\" rx=\"3\" ry=\"3\" transform=\"rotate(337.5 50 50) translate(0 -32)\"><animate attributeName=\"opacity\" from=\"1\" to=\"0\" dur=\"1.5s\" begin=\"1.40625s\" repeatCount=\"indefinite\" ><\/rect><\/svg><\/div><\/div><div style=\"clear:both;\"><\/div><div id=\"wppa-container-1-end\"><\/div><\/div><\/div>\n<!-- End [wppa type=\"slideonly\" album=\"48\" cache=\"inf\"] \/index.php?rest_route=%2Fwp%2Fv2%2Fpages%2F1709 oc 1 20 queries in 122.8 ms. at 17h21. Max mem: 50.50 Mb. --><\/div><\/div>\n\n\n\n<p><strong>Claude Ballar\u00e9<\/strong><\/p>\n\n\n\n<p>L\u2019\u00e9l\u00e9gant maistre Ymagier, Claude Ballar\u00e9 d\u00e9coupe, assemble et colle tout un bard\u00e2t de gravures et autres vieux papiers qu\u2019il trouve aux puces ou lors de ses voyages. Amateur de r\u00e9bus, en collectionneur de bout de ficelle, il n\u2019en est pas moins un peu marabout, ayant v\u00e9cu en Afrique\u2026 La rh\u00e9torique de ses collages tient \u00e0 la fois du jeu de construction formel et de l\u2019association d\u2019id\u00e9e onirique. Grand praticien de l\u2019art postal, il est aussi tr\u00e8s investit dans l\u2019\u00e9dition. Membre actif des \u00e9ditions Dros\u00e9ra, il a travaill\u00e9 notamment pour les \u00e9ditions Balland, Finitude ou Red fox press.<\/p>\n\n\n\n<p><\/p>\n\n\n\n<p><strong>Josef karom<\/strong><\/p>\n\n\n\n<p>Ancien bouquiniste, c\u2019est la d\u00e9couverte des illustrations d\u2019un ouvrage m\u00e9dical traitant d\u2019obst\u00e9trique qui l\u2019a un jour entra\u00een\u00e9 dans les m\u00e9andres de la cr\u00e9ation. Pourquoi a-t-il d\u00e9coup\u00e9 ces images pour les recoller ce jour-l\u00e0 et pourquoi n\u2019a-t-il plus cess\u00e9 de r\u00e9aliser ses compositions \u00e0 base de collages et d\u2019assemblages ? Josef Karom n\u2019en sait rien.<\/p>\n\n\n\n<p><strong>Nathalie Moulin<\/strong><\/p>\n\n\n\n<p>Son art nomade est \u00e0 l\u2019\u00e9chelle de la main.Nathalie Moulin pratique minuscule, parfois \u00e0 peine plus gros qu\u2019une poign\u00e9e de langues d\u2019oiseaux. Sa s\u00e9rie d<em>\u2019astrophytes<\/em> qu\u2019elle d\u00e9finit comme \u00ab\u202fdes petits bouts d\u2019infini\u202f\u00bb tend \u00e0 l\u2019inventaire impossible. Ses bo\u00eetes, en enfant de Cornell, \u00e9merveillent. Ses \u0153uvres postales, assemblages et collages en partage, enchantent. Son univers prend sa source dans les traditions de l\u2019art populaire, celui du Carnaval narr\u00e9 par Claude Gaignebet, celui des papiers d\u00e9coup\u00e9es d\u2019Andersen&#8230;<\/p>\n","protected":false},"excerpt":{"rendered":"<p>Claude Ballar\u00e9 &#8211; Josef Karom &#8211; Nathalie Moulin 10 &#8211; 19 septembre 2021 \u200b \u200b Claude Ballar\u00e9 L\u2019\u00e9l\u00e9gant maistre Ymagier, Claude Ballar\u00e9 d\u00e9coupe, assemble et colle tout un bard\u00e2t de gravures et autres vieux papiers qu\u2019il trouve aux puces ou lors de ses voyages. Amateur de r\u00e9bus, en collectionneur de bout de ficelle, il n\u2019en &hellip; <a href=\"http:\/\/venusdailleurs.fr\/?page_id=1709\" class=\"more-link\">Continuer la lecture de <span class=\"screen-reader-text\">Les messagers de la huppe<\/span><\/a><\/p>\n","protected":false},"author":1,"featured_media":0,"parent":0,"menu_order":0,"comment_status":"closed","ping_status":"closed","template":"","meta":[],"_links":{"self":[{"href":"http:\/\/venusdailleurs.fr\/index.php?rest_route=\/wp\/v2\/pages\/1709"}],"collection":[{"href":"http:\/\/venusdailleurs.fr\/index.php?rest_route=\/wp\/v2\/pages"}],"about":[{"href":"http:\/\/venusdailleurs.fr\/index.php?rest_route=\/wp\/v2\/types\/page"}],"author":[{"embeddable":true,"href":"http:\/\/venusdailleurs.fr\/index.php?rest_route=\/wp\/v2\/users\/1"}],"replies":[{"embeddable":true,"href":"http:\/\/venusdailleurs.fr\/index.php?rest_route=%2Fwp%2Fv2%2Fcomments&post=1709"}],"version-history":[{"count":4,"href":"http:\/\/venusdailleurs.fr\/index.php?rest_route=\/wp\/v2\/pages\/1709\/revisions"}],"predecessor-version":[{"id":1999,"href":"http:\/\/venusdailleurs.fr\/index.php?rest_route=\/wp\/v2\/pages\/1709\/revisions\/1999"}],"wp:attachment":[{"href":"http:\/\/venusdailleurs.fr\/index.php?rest_route=%2Fwp%2Fv2%2Fmedia&parent=1709"}],"curies":[{"name":"wp","href":"https:\/\/api.w.org\/{rel}","templated":true}]}}