{"id":1663,"date":"2023-04-16T19:24:47","date_gmt":"2023-04-16T17:24:47","guid":{"rendered":"http:\/\/venusdailleurs.fr\/?page_id=1663"},"modified":"2023-06-10T18:26:13","modified_gmt":"2023-06-10T16:26:13","slug":"le-grand-inconnu","status":"publish","type":"page","link":"http:\/\/venusdailleurs.fr\/?page_id=1663","title":{"rendered":"Le grand inconnu"},"content":{"rendered":"\n<p class=\"has-text-align-center\"><strong>Elzo Durt &#8211; Mr. Djub &#8211; Jan Svankmajer<\/strong><br>&nbsp;<\/p>\n\n\n\n<p class=\"has-text-align-center\"><strong>13 &#8211; 22 Ao\u00fbt 2021<\/strong><\/p>\n\n\n\n<div><h3><\/h3><div> \n<!-- Start container 1 --><div id=\"wppa-modal-container-1\" class=\"wppa-modal-container\" style=\"position:relative;z-index:100000;\" data-wppa=\"yes\"><\/div><div id=\"wppa-container-wrapper-1\" class=\"alignnone wppa-container-wrapper \" style=\"width:100%;clear:both;padding:0;position:relative;\"><div id=\"wppa-container-1\" style=\"width:100%;\" class=\"wppa-container wppa-container-1 wppa-rev-9012001 wppa-prevrev-9011007 wppa-theme-9.0.12.001 wppa-api-9.0.12.001\"><svg id=\"wppa-ajax-spin-1\" class=\"wppa-ajax-spin uil-default\" width=\"120px\" height=\"120px\" viewBox=\"0 0 100 100\" preserveAspectRatio=\"xMidYMid\" stroke=\"\" style=\"width:120px; height:120px; position:fixed; top:50%; margin-top:-60px; left:50%; margin-left:-60px; opacity:1; display:none; fill:#666666; background-color:transparent; border-radius:24px;\"><rect x=\"0\" y=\"0\" width=\"100\" height=\"100\" fill=\"none\" class=\"bk\"><\/rect><rect class=\"wppa-ajaxspin\" x=\"47\" y=\"40\" width=\"6\" height=\"20\" rx=\"3\" ry=\"3\" transform=\"rotate(0 50 50) translate(0 -32)\"><animate attributeName=\"opacity\" from=\"1\" to=\"0\" dur=\"1.5s\" begin=\"0s\" repeatCount=\"indefinite\" ><\/rect><rect class=\"wppa-ajaxspin\" x=\"47\" y=\"40\" width=\"6\" height=\"20\" rx=\"3\" ry=\"3\" transform=\"rotate(22.5 50 50) translate(0 -32)\"><animate attributeName=\"opacity\" from=\"1\" to=\"0\" dur=\"1.5s\" begin=\"0.09375s\" repeatCount=\"indefinite\" ><\/rect><rect class=\"wppa-ajaxspin\" x=\"47\" y=\"40\" width=\"6\" height=\"20\" rx=\"3\" ry=\"3\" transform=\"rotate(45 50 50) translate(0 -32)\"><animate attributeName=\"opacity\" from=\"1\" to=\"0\" dur=\"1.5s\" begin=\"0.1875s\" repeatCount=\"indefinite\" ><\/rect><rect class=\"wppa-ajaxspin\" x=\"47\" y=\"40\" width=\"6\" height=\"20\" rx=\"3\" ry=\"3\" transform=\"rotate(67.5 50 50) translate(0 -32)\"><animate attributeName=\"opacity\" from=\"1\" to=\"0\" dur=\"1.5s\" begin=\"0.28125s\" repeatCount=\"indefinite\" ><\/rect><rect class=\"wppa-ajaxspin\" x=\"47\" y=\"40\" width=\"6\" height=\"20\" rx=\"3\" ry=\"3\" transform=\"rotate(90 50 50) translate(0 -32)\"><animate attributeName=\"opacity\" from=\"1\" to=\"0\" dur=\"1.5s\" begin=\"0.375s\" repeatCount=\"indefinite\" ><\/rect><rect class=\"wppa-ajaxspin\" x=\"47\" y=\"40\" width=\"6\" height=\"20\" rx=\"3\" ry=\"3\" transform=\"rotate(112.5 50 50) translate(0 -32)\"><animate attributeName=\"opacity\" from=\"1\" to=\"0\" dur=\"1.5s\" begin=\"0.46875s\" repeatCount=\"indefinite\" ><\/rect><rect class=\"wppa-ajaxspin\" x=\"47\" y=\"40\" width=\"6\" height=\"20\" rx=\"3\" ry=\"3\" transform=\"rotate(135 50 50) translate(0 -32)\"><animate attributeName=\"opacity\" from=\"1\" to=\"0\" dur=\"1.5s\" begin=\"0.5625s\" repeatCount=\"indefinite\" ><\/rect><rect class=\"wppa-ajaxspin\" x=\"47\" y=\"40\" width=\"6\" height=\"20\" rx=\"3\" ry=\"3\" transform=\"rotate(157.5 50 50) translate(0 -32)\"><animate attributeName=\"opacity\" from=\"1\" to=\"0\" dur=\"1.5s\" begin=\"0.65625s\" repeatCount=\"indefinite\" ><\/rect><rect class=\"wppa-ajaxspin\" x=\"47\" y=\"40\" width=\"6\" height=\"20\" rx=\"3\" ry=\"3\" transform=\"rotate(180 50 50) translate(0 -32)\"><animate attributeName=\"opacity\" from=\"1\" to=\"0\" dur=\"1.5s\" begin=\"0.75s\" repeatCount=\"indefinite\" ><\/rect><rect class=\"wppa-ajaxspin\" x=\"47\" y=\"40\" width=\"6\" height=\"20\" rx=\"3\" ry=\"3\" transform=\"rotate(202.5 50 50) translate(0 -32)\"><animate attributeName=\"opacity\" from=\"1\" to=\"0\" dur=\"1.5s\" begin=\"0.84375s\" repeatCount=\"indefinite\" ><\/rect><rect class=\"wppa-ajaxspin\" x=\"47\" y=\"40\" width=\"6\" height=\"20\" rx=\"3\" ry=\"3\" transform=\"rotate(225 50 50) translate(0 -32)\"><animate attributeName=\"opacity\" from=\"1\" to=\"0\" dur=\"1.5s\" begin=\"0.9375s\" repeatCount=\"indefinite\" ><\/rect><rect class=\"wppa-ajaxspin\" x=\"47\" y=\"40\" width=\"6\" height=\"20\" rx=\"3\" ry=\"3\" transform=\"rotate(247.5 50 50) translate(0 -32)\"><animate attributeName=\"opacity\" from=\"1\" to=\"0\" dur=\"1.5s\" begin=\"1.03125s\" repeatCount=\"indefinite\" ><\/rect><rect class=\"wppa-ajaxspin\" x=\"47\" y=\"40\" width=\"6\" height=\"20\" rx=\"3\" ry=\"3\" transform=\"rotate(270 50 50) translate(0 -32)\"><animate attributeName=\"opacity\" from=\"1\" to=\"0\" dur=\"1.5s\" begin=\"1.125s\" repeatCount=\"indefinite\" ><\/rect><rect class=\"wppa-ajaxspin\" x=\"47\" y=\"40\" width=\"6\" height=\"20\" rx=\"3\" ry=\"3\" transform=\"rotate(292.5 50 50) translate(0 -32)\"><animate attributeName=\"opacity\" from=\"1\" to=\"0\" dur=\"1.5s\" begin=\"1.21875s\" repeatCount=\"indefinite\" ><\/rect><rect class=\"wppa-ajaxspin\" x=\"47\" y=\"40\" width=\"6\" height=\"20\" rx=\"3\" ry=\"3\" transform=\"rotate(315 50 50) translate(0 -32)\"><animate attributeName=\"opacity\" from=\"1\" to=\"0\" dur=\"1.5s\" begin=\"1.3125s\" repeatCount=\"indefinite\" ><\/rect><rect class=\"wppa-ajaxspin\" x=\"47\" y=\"40\" width=\"6\" height=\"20\" rx=\"3\" ry=\"3\" transform=\"rotate(337.5 50 50) translate(0 -32)\"><animate attributeName=\"opacity\" from=\"1\" to=\"0\" dur=\"1.5s\" begin=\"1.40625s\" repeatCount=\"indefinite\" ><\/rect><\/svg><input type=\"hidden\" id=\"wppa-nonce-0-1\" name=\"wppa-nonce\" value=\"ea24668a8a\" ><div id=\"wppa-slidelist-1\" style=\"overflow:auto;\" class=\"slidelist\"><noscript style=\"text-align:center\"><span style=\"color:red\">Vous devez activer Javascript pour voir les images pleine grandeur. <\/span><\/noscript><div id=\"slide_frame-1\" class=\"slide-frame\" style=\"overflow:hidden;height:480px;margin-bottom:8px;margin-right:auto;margin-left:auto;\"><div id=\"theslide0-1\" class=\"theslide theslide-1\" style=\"width:100%; margin:auto;\"><\/div><div id=\"theslide1-1\" class=\"theslide theslide-1\" style=\"width:100%; margin:auto;\"><\/div><svg id=\"wppa-slide-spin-1\" class=\"wppa-spinner uil-default\" width=\"120px\" height=\"120px\" viewBox=\"0 0 100 100\" preserveAspectRatio=\"xMidYMid\" stroke=\"\" style=\"width:120px; height:120px; position:absolute; top:50%; margin-top:-60px; left:50%; margin-left:-60px; opacity:1; display:inline; fill:#666666; background-color:transparent; border-radius:24px;z-index:99;\"><rect x=\"0\" y=\"0\" width=\"100\" height=\"100\" fill=\"none\" class=\"bk\"><\/rect><rect class=\"wppa-ajaxspin\" x=\"47\" y=\"40\" width=\"6\" height=\"20\" rx=\"3\" ry=\"3\" transform=\"rotate(0 50 50) translate(0 -32)\"><animate attributeName=\"opacity\" from=\"1\" to=\"0\" dur=\"1.5s\" begin=\"0s\" repeatCount=\"indefinite\" ><\/rect><rect class=\"wppa-ajaxspin\" x=\"47\" y=\"40\" width=\"6\" height=\"20\" rx=\"3\" ry=\"3\" transform=\"rotate(22.5 50 50) translate(0 -32)\"><animate attributeName=\"opacity\" from=\"1\" to=\"0\" dur=\"1.5s\" begin=\"0.09375s\" repeatCount=\"indefinite\" ><\/rect><rect class=\"wppa-ajaxspin\" x=\"47\" y=\"40\" width=\"6\" height=\"20\" rx=\"3\" ry=\"3\" transform=\"rotate(45 50 50) translate(0 -32)\"><animate attributeName=\"opacity\" from=\"1\" to=\"0\" dur=\"1.5s\" begin=\"0.1875s\" repeatCount=\"indefinite\" ><\/rect><rect class=\"wppa-ajaxspin\" x=\"47\" y=\"40\" width=\"6\" height=\"20\" rx=\"3\" ry=\"3\" transform=\"rotate(67.5 50 50) translate(0 -32)\"><animate attributeName=\"opacity\" from=\"1\" to=\"0\" dur=\"1.5s\" begin=\"0.28125s\" repeatCount=\"indefinite\" ><\/rect><rect class=\"wppa-ajaxspin\" x=\"47\" y=\"40\" width=\"6\" height=\"20\" rx=\"3\" ry=\"3\" transform=\"rotate(90 50 50) translate(0 -32)\"><animate attributeName=\"opacity\" from=\"1\" to=\"0\" dur=\"1.5s\" begin=\"0.375s\" repeatCount=\"indefinite\" ><\/rect><rect class=\"wppa-ajaxspin\" x=\"47\" y=\"40\" width=\"6\" height=\"20\" rx=\"3\" ry=\"3\" transform=\"rotate(112.5 50 50) translate(0 -32)\"><animate attributeName=\"opacity\" from=\"1\" to=\"0\" dur=\"1.5s\" begin=\"0.46875s\" repeatCount=\"indefinite\" ><\/rect><rect class=\"wppa-ajaxspin\" x=\"47\" y=\"40\" width=\"6\" height=\"20\" rx=\"3\" ry=\"3\" transform=\"rotate(135 50 50) translate(0 -32)\"><animate attributeName=\"opacity\" from=\"1\" to=\"0\" dur=\"1.5s\" begin=\"0.5625s\" repeatCount=\"indefinite\" ><\/rect><rect class=\"wppa-ajaxspin\" x=\"47\" y=\"40\" width=\"6\" height=\"20\" rx=\"3\" ry=\"3\" transform=\"rotate(157.5 50 50) translate(0 -32)\"><animate attributeName=\"opacity\" from=\"1\" to=\"0\" dur=\"1.5s\" begin=\"0.65625s\" repeatCount=\"indefinite\" ><\/rect><rect class=\"wppa-ajaxspin\" x=\"47\" y=\"40\" width=\"6\" height=\"20\" rx=\"3\" ry=\"3\" transform=\"rotate(180 50 50) translate(0 -32)\"><animate attributeName=\"opacity\" from=\"1\" to=\"0\" dur=\"1.5s\" begin=\"0.75s\" repeatCount=\"indefinite\" ><\/rect><rect class=\"wppa-ajaxspin\" x=\"47\" y=\"40\" width=\"6\" height=\"20\" rx=\"3\" ry=\"3\" transform=\"rotate(202.5 50 50) translate(0 -32)\"><animate attributeName=\"opacity\" from=\"1\" to=\"0\" dur=\"1.5s\" begin=\"0.84375s\" repeatCount=\"indefinite\" ><\/rect><rect class=\"wppa-ajaxspin\" x=\"47\" y=\"40\" width=\"6\" height=\"20\" rx=\"3\" ry=\"3\" transform=\"rotate(225 50 50) translate(0 -32)\"><animate attributeName=\"opacity\" from=\"1\" to=\"0\" dur=\"1.5s\" begin=\"0.9375s\" repeatCount=\"indefinite\" ><\/rect><rect class=\"wppa-ajaxspin\" x=\"47\" y=\"40\" width=\"6\" height=\"20\" rx=\"3\" ry=\"3\" transform=\"rotate(247.5 50 50) translate(0 -32)\"><animate attributeName=\"opacity\" from=\"1\" to=\"0\" dur=\"1.5s\" begin=\"1.03125s\" repeatCount=\"indefinite\" ><\/rect><rect class=\"wppa-ajaxspin\" x=\"47\" y=\"40\" width=\"6\" height=\"20\" rx=\"3\" ry=\"3\" transform=\"rotate(270 50 50) translate(0 -32)\"><animate attributeName=\"opacity\" from=\"1\" to=\"0\" dur=\"1.5s\" begin=\"1.125s\" repeatCount=\"indefinite\" ><\/rect><rect class=\"wppa-ajaxspin\" x=\"47\" y=\"40\" width=\"6\" height=\"20\" rx=\"3\" ry=\"3\" transform=\"rotate(292.5 50 50) translate(0 -32)\"><animate attributeName=\"opacity\" from=\"1\" to=\"0\" dur=\"1.5s\" begin=\"1.21875s\" repeatCount=\"indefinite\" ><\/rect><rect class=\"wppa-ajaxspin\" x=\"47\" y=\"40\" width=\"6\" height=\"20\" rx=\"3\" ry=\"3\" transform=\"rotate(315 50 50) translate(0 -32)\"><animate attributeName=\"opacity\" from=\"1\" to=\"0\" dur=\"1.5s\" begin=\"1.3125s\" repeatCount=\"indefinite\" ><\/rect><rect class=\"wppa-ajaxspin\" x=\"47\" y=\"40\" width=\"6\" height=\"20\" rx=\"3\" ry=\"3\" transform=\"rotate(337.5 50 50) translate(0 -32)\"><animate attributeName=\"opacity\" from=\"1\" to=\"0\" dur=\"1.5s\" begin=\"1.40625s\" repeatCount=\"indefinite\" ><\/rect><\/svg><\/div><\/div><div style=\"clear:both;\"><\/div><div id=\"wppa-container-1-end\"><\/div><\/div><\/div>\n<!-- End [wppa type=\"slideonly\" album=\"46\" cache=\"inf\"] \/index.php?rest_route=%2Fwp%2Fv2%2Fpages%2F1663 oc 1 24 queries in 168.8 ms. at 17h19. Max mem: 50.50 Mb. --><\/div><\/div>\n\n\n\n<p><strong>Elzo Durt<\/strong><\/p>\n\n\n\n<p>L\u2019univers joyeusement macabre d\u2019Elzo m\u00e9le images psych\u00e9-d\u00e9liques et punko\u00efdes de la culture underground, graphisme pop r\u00e9tro et gravures 19eme&#8230; Le tout dans un torrent de couleurs ultra flashy. Ses \u0153uvres se d\u00e9cline aujourd\u2019hui sur des covers de magazines, des affiches de festival, des pochettes de disques, mais aussi dans des journaux comme Le Monde, Lib\u00e9, Die Zeit, etc.<br>Touche \u00e0 tout, Elzo est \u00e0 l\u2019origine de la cr\u00e9ation de plusieurs labels (Teenage Menopause avec JC Satan, Scorpion Violente, Le Prince Harry et Drink&amp;Drive Records, label punk sans concession, pour lequel Elzo r\u00e9alise l\u2019ensemble des pochettes.<\/p>\n\n\n\n<p><strong>Mr. Djub<\/strong><\/p>\n\n\n\n<figure class=\"wp-block-image size-large\"><img decoding=\"async\" src=\"http:\/\/venusdailleurs.fr\/wp-content\/uploads\/2023\/04\/7-Mr-Djub-914x1024.jpg\" alt=\"\" class=\"wp-image-1684\"\/><\/figure>\n\n\n\n<p>Il r\u00e9alise des collages depuis 1983. Claude Roffat, cr\u00e9ateur de la revue d\u2019art singulier et brut&nbsp;<em>L\u2019\u0152uf sauvage<\/em>, l\u2019expose dans sa galerie \u00e0 la fin des ann\u00e9es 1980. Il est la moiti\u00e9 du duo d\u2019activistes Anne &amp; Julien, fondateurs du projet artistique HEY ! modern art &amp; pop culture depuis 2010. HEY ! a fait l\u2019office d\u2019un cycle d\u2019expositions au mus\u00e9e d\u2019art brut de la Halle St Pierre \u00e0 Paris. Passionn\u00e9 de musique, Mr Djub est \u00e9galement connu sous le nom de Djubaka comme programmateur musical de France Inter.<\/p>\n\n\n\n<p><strong>Jan Svankmajer<\/strong><\/p>\n\n\n\n<p>N\u00e9 en 1934 \u00e0 Prague, Jan Svankmajer est un artiste et r\u00e9alisateur surr\u00e9aliste qui jouit d\u2019une reconnaissance inter-nationale notamment pour ses films d\u2019animation comme<em> Alice <\/em>ou <em>les possibilit\u00e9s du dialogue<\/em>. Son dernier film, <em>Survivre \u00e0 sa vie <\/em>(th\u00e9orie et pratique) est sorti dans les salles en 2010. Son travail a notamment influenc\u00e9 les fr\u00e8res Quay, Tim Burton et Terry Gilliam&#8230; Son esth\u00e9tique est marqu\u00e9e par l\u2019art du collage et le surr\u00e9alisme certes mais trouve ses racines dans le mani\u00e9risme des cabinets de curiosit\u00e9s de Rodolphe II.<\/p>\n\n\n\n<p><em>\u200b<\/em><\/p>\n\n\n\n<p>\u200b<\/p>\n\n\n\n<p class=\"has-text-align-left\">Exposition r\u00e9alis\u00e9e avec le concours<\/p>\n\n\n\n<p class=\"has-text-align-left\">de la galerie<\/p>\n\n\n\n<p class=\"has-text-align-left\"><strong>Les Yeux feriles<\/strong><\/p>\n\n\n\n<figure class=\"wp-block-image size-full\"><a href=\"https:\/\/www.galerie-lesyeuxfertiles.com\/\"><img decoding=\"async\" loading=\"lazy\" width=\"331\" height=\"261\" src=\"http:\/\/venusdailleurs.fr\/wp-content\/uploads\/2023\/06\/Loeil-Heliotrope-logo_yeux_fertiles.jpg\" alt=\"\" class=\"wp-image-1879\" srcset=\"http:\/\/venusdailleurs.fr\/wp-content\/uploads\/2023\/06\/Loeil-Heliotrope-logo_yeux_fertiles.jpg 331w, http:\/\/venusdailleurs.fr\/wp-content\/uploads\/2023\/06\/Loeil-Heliotrope-logo_yeux_fertiles-300x237.jpg 300w\" sizes=\"(max-width: 331px) 100vw, 331px\" \/><\/a><\/figure>\n","protected":false},"excerpt":{"rendered":"<p>Elzo Durt &#8211; Mr. Djub &#8211; Jan Svankmajer&nbsp; 13 &#8211; 22 Ao\u00fbt 2021 Elzo Durt L\u2019univers joyeusement macabre d\u2019Elzo m\u00e9le images psych\u00e9-d\u00e9liques et punko\u00efdes de la culture underground, graphisme pop r\u00e9tro et gravures 19eme&#8230; Le tout dans un torrent de couleurs ultra flashy. Ses \u0153uvres se d\u00e9cline aujourd\u2019hui sur des covers de magazines, des affiches &hellip; <a href=\"http:\/\/venusdailleurs.fr\/?page_id=1663\" class=\"more-link\">Continuer la lecture de <span class=\"screen-reader-text\">Le grand inconnu<\/span><\/a><\/p>\n","protected":false},"author":1,"featured_media":0,"parent":0,"menu_order":0,"comment_status":"closed","ping_status":"closed","template":"","meta":[],"_links":{"self":[{"href":"http:\/\/venusdailleurs.fr\/index.php?rest_route=\/wp\/v2\/pages\/1663"}],"collection":[{"href":"http:\/\/venusdailleurs.fr\/index.php?rest_route=\/wp\/v2\/pages"}],"about":[{"href":"http:\/\/venusdailleurs.fr\/index.php?rest_route=\/wp\/v2\/types\/page"}],"author":[{"embeddable":true,"href":"http:\/\/venusdailleurs.fr\/index.php?rest_route=\/wp\/v2\/users\/1"}],"replies":[{"embeddable":true,"href":"http:\/\/venusdailleurs.fr\/index.php?rest_route=%2Fwp%2Fv2%2Fcomments&post=1663"}],"version-history":[{"count":4,"href":"http:\/\/venusdailleurs.fr\/index.php?rest_route=\/wp\/v2\/pages\/1663\/revisions"}],"predecessor-version":[{"id":1998,"href":"http:\/\/venusdailleurs.fr\/index.php?rest_route=\/wp\/v2\/pages\/1663\/revisions\/1998"}],"wp:attachment":[{"href":"http:\/\/venusdailleurs.fr\/index.php?rest_route=%2Fwp%2Fv2%2Fmedia&parent=1663"}],"curies":[{"name":"wp","href":"https:\/\/api.w.org\/{rel}","templated":true}]}}